{"id":4412,"date":"2024-01-29T11:00:15","date_gmt":"2024-01-29T09:00:15","guid":{"rendered":"https:\/\/ftgkallefall.com\/?post_type=product&#038;p=4412"},"modified":"2025-08-14T08:42:46","modified_gmt":"2025-08-14T06:42:46","slug":"skogsvagn-fb70","status":"publish","type":"product","link":"https:\/\/ftgkallefall.com\/sv\/produkt\/skogsvagn-fb70\/","title":{"rendered":"Huggarvagn FB70"},"content":{"rendered":"<p>FB70 med centralr\u00f6rsram har i standardutf\u00f6rande rak dragst\u00e5ng med roterande drag\u00f6gla \u00d850 mm, vagnstyrning, svetsad stabil inf\u00e4stning av kranen, hydrauliska teleskop-st\u00f6dben, svetsade \u00f6glor f\u00f6r sp\u00e4nnband, 3 justerbara bankar med 6 stakar och 11,5\/80-15,3 hjul. Huggarvagnen FB70 kan \u00e4ven utrustas med navdrift (Black Bruin navmotorer B240) p\u00e5 bakre axeln och separat oljef\u00f6rs\u00f6rjning f\u00f6r optimal dragkraft. Standardkranen FB53T \u00e4r utrustad med en sv\u00e4ngmotor med dubbla sv\u00e4ngcylindrar, 3 tons rotator, bromsad l\u00e4nk, anslutning av hydraulslangar till rotator och grip FB160.<\/p>\n","protected":false},"excerpt":{"rendered":"<p>FB70 har en lastkapacitet 7 ton, och en max. till\u00e5ten totalvikt upp till 9 ton<\/p>\n","protected":false},"featured_media":4892,"comment_status":"closed","ping_status":"closed","template":"","meta":{"_acf_changed":false,"inline_featured_image":false},"product_cat":[236],"product_tag":[],"acf":[],"_links":{"self":[{"href":"https:\/\/ftgkallefall.com\/sv\/wp-json\/wp\/v2\/product\/4412"}],"collection":[{"href":"https:\/\/ftgkallefall.com\/sv\/wp-json\/wp\/v2\/product"}],"about":[{"href":"https:\/\/ftgkallefall.com\/sv\/wp-json\/wp\/v2\/types\/product"}],"replies":[{"embeddable":true,"href":"https:\/\/ftgkallefall.com\/sv\/wp-json\/wp\/v2\/comments?post=4412"}],"wp:featuredmedia":[{"embeddable":true,"href":"https:\/\/ftgkallefall.com\/sv\/wp-json\/wp\/v2\/media\/4892"}],"wp:attachment":[{"href":"https:\/\/ftgkallefall.com\/sv\/wp-json\/wp\/v2\/media?parent=4412"}],"wp:term":[{"taxonomy":"product_cat","embeddable":true,"href":"https:\/\/ftgkallefall.com\/sv\/wp-json\/wp\/v2\/product_cat?post=4412"},{"taxonomy":"product_tag","embeddable":true,"href":"https:\/\/ftgkallefall.com\/sv\/wp-json\/wp\/v2\/product_tag?post=4412"}],"curies":[{"name":"wp","href":"https:\/\/api.w.org\/{rel}","templated":true}]}}