{"id":4660,"date":"2024-01-29T10:24:35","date_gmt":"2024-01-29T08:24:35","guid":{"rendered":"https:\/\/ftgkallefall.com\/?post_type=product&#038;p=4660"},"modified":"2026-01-09T15:51:41","modified_gmt":"2026-01-09T13:51:41","slug":"huggarvagn-fb50","status":"publish","type":"product","link":"https:\/\/ftgkallefall.com\/sv\/produkt\/huggarvagn-fb50\/","title":{"rendered":"Huggarvagn FB50"},"content":{"rendered":"<p>FB50 med centralr\u00f6rsram har i standardutf\u00f6rande rak dragst\u00e5ng med roterande drag\u00f6gla \u00d850 mm, svetsad inf\u00e4stning av kranen, hydrauliskt f\u00e4llbara lavett-st\u00f6dben, \u00f6glor f\u00f6r sp\u00e4nnband, 3 justerbara bankar med 6 stakar och 11,5\/80-15,3 hjul.<br \/>\nStandardkranen FB42L \u00e4r utrustad med en vridmotor med dubbla cylindrar, 3 tons rotator, obromsad l\u00e4nk och grip FB120.<\/p>\n","protected":false},"excerpt":{"rendered":"<p>FB50 har en lastkapacitet 5 ton, och en max. till\u00e5ten totalvikt upp till 6,3 ton<\/p>\n","protected":false},"featured_media":4667,"comment_status":"closed","ping_status":"closed","template":"","meta":{"_acf_changed":false,"inline_featured_image":false},"product_cat":[236],"product_tag":[],"acf":[],"_links":{"self":[{"href":"https:\/\/ftgkallefall.com\/sv\/wp-json\/wp\/v2\/product\/4660"}],"collection":[{"href":"https:\/\/ftgkallefall.com\/sv\/wp-json\/wp\/v2\/product"}],"about":[{"href":"https:\/\/ftgkallefall.com\/sv\/wp-json\/wp\/v2\/types\/product"}],"replies":[{"embeddable":true,"href":"https:\/\/ftgkallefall.com\/sv\/wp-json\/wp\/v2\/comments?post=4660"}],"wp:featuredmedia":[{"embeddable":true,"href":"https:\/\/ftgkallefall.com\/sv\/wp-json\/wp\/v2\/media\/4667"}],"wp:attachment":[{"href":"https:\/\/ftgkallefall.com\/sv\/wp-json\/wp\/v2\/media?parent=4660"}],"wp:term":[{"taxonomy":"product_cat","embeddable":true,"href":"https:\/\/ftgkallefall.com\/sv\/wp-json\/wp\/v2\/product_cat?post=4660"},{"taxonomy":"product_tag","embeddable":true,"href":"https:\/\/ftgkallefall.com\/sv\/wp-json\/wp\/v2\/product_tag?post=4660"}],"curies":[{"name":"wp","href":"https:\/\/api.w.org\/{rel}","templated":true}]}}