{"id":4669,"date":"2024-01-29T10:54:45","date_gmt":"2024-01-29T08:54:45","guid":{"rendered":"https:\/\/ftgkallefall.com\/?post_type=product&#038;p=4669"},"modified":"2026-01-09T15:47:14","modified_gmt":"2026-01-09T13:47:14","slug":"huggarvagn-fb60","status":"publish","type":"product","link":"https:\/\/ftgkallefall.com\/sv\/produkt\/huggarvagn-fb60\/","title":{"rendered":"Huggarvagn FB60"},"content":{"rendered":"<p>FB60 med centralr\u00f6rsram har i standardutf\u00f6rande rak dragst\u00e5ng med roterande drag\u00f6gla \u00d850 mm, svetsad kraftig kraninf\u00e4stning, hydrauliskt f\u00e4llbara st\u00f6dben, svetsade \u00f6glor f\u00f6r sp\u00e4nnband, 3 justerbara bankar med 6 stakar och 11,5\/80-15,3 hjul. Standardkran FB53T \u00e4r utrustad med en sv\u00e4ngmotor med dubbla cylindrar, 3 tons rotator, bromsad l\u00e4nk, anslutning av hydraulslangar till rotator och grip FB160.<\/p>\n","protected":false},"excerpt":{"rendered":"<p>FB60 har en lastkapacitet 6 ton, och en max. till\u00e5ten totalvikt upp till 7,5 ton<\/p>\n","protected":false},"featured_media":4688,"comment_status":"closed","ping_status":"closed","template":"","meta":{"_acf_changed":false,"inline_featured_image":false},"product_cat":[236],"product_tag":[],"acf":[],"_links":{"self":[{"href":"https:\/\/ftgkallefall.com\/sv\/wp-json\/wp\/v2\/product\/4669"}],"collection":[{"href":"https:\/\/ftgkallefall.com\/sv\/wp-json\/wp\/v2\/product"}],"about":[{"href":"https:\/\/ftgkallefall.com\/sv\/wp-json\/wp\/v2\/types\/product"}],"replies":[{"embeddable":true,"href":"https:\/\/ftgkallefall.com\/sv\/wp-json\/wp\/v2\/comments?post=4669"}],"wp:featuredmedia":[{"embeddable":true,"href":"https:\/\/ftgkallefall.com\/sv\/wp-json\/wp\/v2\/media\/4688"}],"wp:attachment":[{"href":"https:\/\/ftgkallefall.com\/sv\/wp-json\/wp\/v2\/media?parent=4669"}],"wp:term":[{"taxonomy":"product_cat","embeddable":true,"href":"https:\/\/ftgkallefall.com\/sv\/wp-json\/wp\/v2\/product_cat?post=4669"},{"taxonomy":"product_tag","embeddable":true,"href":"https:\/\/ftgkallefall.com\/sv\/wp-json\/wp\/v2\/product_tag?post=4669"}],"curies":[{"name":"wp","href":"https:\/\/api.w.org\/{rel}","templated":true}]}}