{"id":4876,"date":"2024-01-30T11:13:44","date_gmt":"2024-01-30T09:13:44","guid":{"rendered":"https:\/\/ftgkallefall.com\/?post_type=product&#038;p=4876"},"modified":"2025-06-13T09:35:02","modified_gmt":"2025-06-13T07:35:02","slug":"crane-fb42l","status":"publish","type":"product","link":"https:\/\/ftgkallefall.com\/sv\/produkt\/crane-fb42l\/","title":{"rendered":"Skogskran FB42L"},"content":{"rendered":"<p>Skogskran FB42L \u00e4r den minsta skogskranen i FB-serien med en r\u00e4ckvidd p\u00e5 4,2 meter. Den \u00e4r utrustad med ett l\u00e4nksystem f\u00f6r f\u00f6rb\u00e4ttrat r\u00f6relsem\u00f6nster och har ett lyftmoment p\u00e5 20 kNm (netto) vid maximal r\u00e4ckvidd p\u00e5 4,2 m.<\/p>\n","protected":false},"excerpt":{"rendered":"<p>Kranl\u00e4ngd p\u00e5 4,2 m<\/p>\n","protected":false},"featured_media":4883,"comment_status":"closed","ping_status":"closed","template":"","meta":{"_acf_changed":false,"inline_featured_image":false},"product_cat":[237],"product_tag":[],"acf":[],"_links":{"self":[{"href":"https:\/\/ftgkallefall.com\/sv\/wp-json\/wp\/v2\/product\/4876"}],"collection":[{"href":"https:\/\/ftgkallefall.com\/sv\/wp-json\/wp\/v2\/product"}],"about":[{"href":"https:\/\/ftgkallefall.com\/sv\/wp-json\/wp\/v2\/types\/product"}],"replies":[{"embeddable":true,"href":"https:\/\/ftgkallefall.com\/sv\/wp-json\/wp\/v2\/comments?post=4876"}],"wp:featuredmedia":[{"embeddable":true,"href":"https:\/\/ftgkallefall.com\/sv\/wp-json\/wp\/v2\/media\/4883"}],"wp:attachment":[{"href":"https:\/\/ftgkallefall.com\/sv\/wp-json\/wp\/v2\/media?parent=4876"}],"wp:term":[{"taxonomy":"product_cat","embeddable":true,"href":"https:\/\/ftgkallefall.com\/sv\/wp-json\/wp\/v2\/product_cat?post=4876"},{"taxonomy":"product_tag","embeddable":true,"href":"https:\/\/ftgkallefall.com\/sv\/wp-json\/wp\/v2\/product_tag?post=4876"}],"curies":[{"name":"wp","href":"https:\/\/api.w.org\/{rel}","templated":true}]}}