{"id":5012,"date":"2024-01-30T11:16:49","date_gmt":"2024-01-30T09:16:49","guid":{"rendered":"https:\/\/ftgkallefall.com\/?post_type=product&#038;p=5012"},"modified":"2025-06-13T09:36:26","modified_gmt":"2025-06-13T07:36:26","slug":"skogskran-fb47l","status":"publish","type":"product","link":"https:\/\/ftgkallefall.com\/sv\/produkt\/skogskran-fb47l\/","title":{"rendered":"Skogskran FB47L"},"content":{"rendered":"<p>Skogskranen FB47L har ett v\u00e4l utpr\u00f6vat l\u00e4nksystem mellan 1:a och 2:a bommen som s\u00e4kerst\u00e4ller b\u00e4sta m\u00f6jliga r\u00f6relsegeometri och d\u00e4rmed h\u00f6gre effektivitet..<br \/>\nFB47L har utm\u00e4rkt lastgeometri och \u00e4r idealisk f\u00f6r mindre traktorer och huggarvagnar. Som standard levereras FB47L med en 3 tons rotator, FB160 grip, vridmotor med dubbla cylindrar och obromsad l\u00e4nk.<\/p>\n","protected":false},"excerpt":{"rendered":"<p>Kranl\u00e4ngd p\u00e5 4,7 m<\/p>\n","protected":false},"featured_media":5023,"comment_status":"closed","ping_status":"closed","template":"","meta":{"_acf_changed":false,"inline_featured_image":false},"product_cat":[237],"product_tag":[],"acf":[],"_links":{"self":[{"href":"https:\/\/ftgkallefall.com\/sv\/wp-json\/wp\/v2\/product\/5012"}],"collection":[{"href":"https:\/\/ftgkallefall.com\/sv\/wp-json\/wp\/v2\/product"}],"about":[{"href":"https:\/\/ftgkallefall.com\/sv\/wp-json\/wp\/v2\/types\/product"}],"replies":[{"embeddable":true,"href":"https:\/\/ftgkallefall.com\/sv\/wp-json\/wp\/v2\/comments?post=5012"}],"wp:featuredmedia":[{"embeddable":true,"href":"https:\/\/ftgkallefall.com\/sv\/wp-json\/wp\/v2\/media\/5023"}],"wp:attachment":[{"href":"https:\/\/ftgkallefall.com\/sv\/wp-json\/wp\/v2\/media?parent=5012"}],"wp:term":[{"taxonomy":"product_cat","embeddable":true,"href":"https:\/\/ftgkallefall.com\/sv\/wp-json\/wp\/v2\/product_cat?post=5012"},{"taxonomy":"product_tag","embeddable":true,"href":"https:\/\/ftgkallefall.com\/sv\/wp-json\/wp\/v2\/product_tag?post=5012"}],"curies":[{"name":"wp","href":"https:\/\/api.w.org\/{rel}","templated":true}]}}