{"id":5025,"date":"2024-01-30T11:20:40","date_gmt":"2024-01-30T09:20:40","guid":{"rendered":"https:\/\/ftgkallefall.com\/?post_type=product&#038;p=5025"},"modified":"2025-08-14T09:31:25","modified_gmt":"2025-08-14T07:31:25","slug":"skogskran-fb51","status":"publish","type":"product","link":"https:\/\/ftgkallefall.com\/sv\/produkt\/skogskran-fb51\/","title":{"rendered":"Skogskran FB51"},"content":{"rendered":"<p>K\u00e4llefall FB51 skogskran \u00e4r utrustad med en vridmotor med dubbla sv\u00e4ngcylindrar och en 3 tons rotator, anslutning av hydraulslangar till rotatorn, obromsad l\u00e4nk och FB160 grip.<\/p>\n<p>FB51 \u00e4r en kompakt kran med en r\u00e4ckvidd p\u00e5 5,1 meter, vilket g\u00f6r den till det perfekta valet f\u00f6r mindre traktorer och vagnar. Den har ett lyftmoment p\u00e5 26 kNm (netto) vid maximal r\u00e4ckvidd.<\/p>\n<p>Levereras med obromsad l\u00e4nk som standard, men kan uppgraderas till en bromsad version om s\u00e5 \u00f6nskas. Alla v\u00e5ra kranar levereras med hydraulslangar anslutna till rotatorn.<\/p>\n<ul>\n<li>V\u00e4l skyddade hydraulslangar<\/li>\n<li>Huvudbom redo f\u00f6r montering av vinsch<\/li>\n<li>Kan monteras p\u00e5 3-punktsstativ<\/li>\n<\/ul>\n","protected":false},"excerpt":{"rendered":"<p>FB51 har en kranl\u00e4ngd p\u00e5 5,1 m<\/p>\n","protected":false},"featured_media":5031,"comment_status":"closed","ping_status":"closed","template":"","meta":{"_acf_changed":false,"inline_featured_image":false},"product_cat":[237],"product_tag":[],"acf":[],"_links":{"self":[{"href":"https:\/\/ftgkallefall.com\/sv\/wp-json\/wp\/v2\/product\/5025"}],"collection":[{"href":"https:\/\/ftgkallefall.com\/sv\/wp-json\/wp\/v2\/product"}],"about":[{"href":"https:\/\/ftgkallefall.com\/sv\/wp-json\/wp\/v2\/types\/product"}],"replies":[{"embeddable":true,"href":"https:\/\/ftgkallefall.com\/sv\/wp-json\/wp\/v2\/comments?post=5025"}],"wp:featuredmedia":[{"embeddable":true,"href":"https:\/\/ftgkallefall.com\/sv\/wp-json\/wp\/v2\/media\/5031"}],"wp:attachment":[{"href":"https:\/\/ftgkallefall.com\/sv\/wp-json\/wp\/v2\/media?parent=5025"}],"wp:term":[{"taxonomy":"product_cat","embeddable":true,"href":"https:\/\/ftgkallefall.com\/sv\/wp-json\/wp\/v2\/product_cat?post=5025"},{"taxonomy":"product_tag","embeddable":true,"href":"https:\/\/ftgkallefall.com\/sv\/wp-json\/wp\/v2\/product_tag?post=5025"}],"curies":[{"name":"wp","href":"https:\/\/api.w.org\/{rel}","templated":true}]}}