{"id":5035,"date":"2024-01-30T11:30:34","date_gmt":"2024-01-30T09:30:34","guid":{"rendered":"https:\/\/ftgkallefall.com\/?post_type=product&#038;p=5035"},"modified":"2025-08-14T09:32:14","modified_gmt":"2025-08-14T07:32:14","slug":"skogskra-fb51l","status":"publish","type":"product","link":"https:\/\/ftgkallefall.com\/sv\/produkt\/skogskra-fb51l\/","title":{"rendered":"Skogskran FB51L"},"content":{"rendered":"<p>FTG K\u00e4llefall skogskran FB51L har en r\u00e4ckvidd p\u00e5 5,1 m och en lyftkapacitet p\u00e5 640 kg vid max r\u00e4ckvidd. Kranen \u00e4r utrustad med ett v\u00e4l utpr\u00f6vat l\u00e4nksystem mellan 1:a och 2:a bommen som s\u00e4kerst\u00e4ller b\u00e4sta m\u00f6jliga r\u00f6relsegeometri och d\u00e4rmed h\u00f6gre effektivitet.<br \/>\nKranens kraftiga bas ger perfekt stabilitet under lastning och lossning.<br \/>\nFB51L \u00e4r utrustad med en 3 tons rotator, bromsad l\u00e4nk, och FB160 grip som standard<\/p>\n","protected":false},"excerpt":{"rendered":"<p>FB51L har en kranl\u00e4ngd p\u00e5 5,1 m<\/p>\n","protected":false},"featured_media":5041,"comment_status":"closed","ping_status":"closed","template":"","meta":{"_acf_changed":false,"inline_featured_image":false},"product_cat":[237],"product_tag":[],"acf":[],"_links":{"self":[{"href":"https:\/\/ftgkallefall.com\/sv\/wp-json\/wp\/v2\/product\/5035"}],"collection":[{"href":"https:\/\/ftgkallefall.com\/sv\/wp-json\/wp\/v2\/product"}],"about":[{"href":"https:\/\/ftgkallefall.com\/sv\/wp-json\/wp\/v2\/types\/product"}],"replies":[{"embeddable":true,"href":"https:\/\/ftgkallefall.com\/sv\/wp-json\/wp\/v2\/comments?post=5035"}],"wp:featuredmedia":[{"embeddable":true,"href":"https:\/\/ftgkallefall.com\/sv\/wp-json\/wp\/v2\/media\/5041"}],"wp:attachment":[{"href":"https:\/\/ftgkallefall.com\/sv\/wp-json\/wp\/v2\/media?parent=5035"}],"wp:term":[{"taxonomy":"product_cat","embeddable":true,"href":"https:\/\/ftgkallefall.com\/sv\/wp-json\/wp\/v2\/product_cat?post=5035"},{"taxonomy":"product_tag","embeddable":true,"href":"https:\/\/ftgkallefall.com\/sv\/wp-json\/wp\/v2\/product_tag?post=5035"}],"curies":[{"name":"wp","href":"https:\/\/api.w.org\/{rel}","templated":true}]}}