{"id":5043,"date":"2024-01-30T11:33:36","date_gmt":"2024-01-30T09:33:36","guid":{"rendered":"https:\/\/ftgkallefall.com\/?post_type=product&#038;p=5043"},"modified":"2025-08-14T09:33:20","modified_gmt":"2025-08-14T07:33:20","slug":"crane-fb53t","status":"publish","type":"product","link":"https:\/\/ftgkallefall.com\/sv\/produkt\/crane-fb53t\/","title":{"rendered":"Skogskran FB53T"},"content":{"rendered":"<p>FTG K\u00e4llefall kran FB53T har en r\u00e4ckvidd p\u00e5 5,3 m och en lyftkapacitet p\u00e5 510 kg vid max \u00adr\u00e4ckvidd.<br \/>\nKranen \u00e4r utrustad med ett v\u00e4l utpr\u00f6vat l\u00e4nksystem mellan 1:a och 2:a bommen som s\u00e4kerst\u00e4ller b\u00e4sta \u00adm\u00f6jliga r\u00f6relsegeometri och d\u00e4rmed h\u00f6gre \u00adeffektivitet. Kranens kraftiga bas ger perfekt stabilitet under \u00adlastning och lossning.<\/p>\n","protected":false},"excerpt":{"rendered":"<p>FB53T har en kranl\u00e4ngd p\u00e5 5,3 m<\/p>\n","protected":false},"featured_media":5048,"comment_status":"closed","ping_status":"closed","template":"","meta":{"_acf_changed":false,"inline_featured_image":false},"product_cat":[237],"product_tag":[],"acf":[],"_links":{"self":[{"href":"https:\/\/ftgkallefall.com\/sv\/wp-json\/wp\/v2\/product\/5043"}],"collection":[{"href":"https:\/\/ftgkallefall.com\/sv\/wp-json\/wp\/v2\/product"}],"about":[{"href":"https:\/\/ftgkallefall.com\/sv\/wp-json\/wp\/v2\/types\/product"}],"replies":[{"embeddable":true,"href":"https:\/\/ftgkallefall.com\/sv\/wp-json\/wp\/v2\/comments?post=5043"}],"wp:featuredmedia":[{"embeddable":true,"href":"https:\/\/ftgkallefall.com\/sv\/wp-json\/wp\/v2\/media\/5048"}],"wp:attachment":[{"href":"https:\/\/ftgkallefall.com\/sv\/wp-json\/wp\/v2\/media?parent=5043"}],"wp:term":[{"taxonomy":"product_cat","embeddable":true,"href":"https:\/\/ftgkallefall.com\/sv\/wp-json\/wp\/v2\/product_cat?post=5043"},{"taxonomy":"product_tag","embeddable":true,"href":"https:\/\/ftgkallefall.com\/sv\/wp-json\/wp\/v2\/product_tag?post=5043"}],"curies":[{"name":"wp","href":"https:\/\/api.w.org\/{rel}","templated":true}]}}