{"id":5050,"date":"2024-01-30T11:41:45","date_gmt":"2024-01-30T09:41:45","guid":{"rendered":"https:\/\/ftgkallefall.com\/?post_type=product&#038;p=5050"},"modified":"2025-08-14T09:34:06","modified_gmt":"2025-08-14T07:34:06","slug":"skogskranfb63t","status":"publish","type":"product","link":"https:\/\/ftgkallefall.com\/sv\/produkt\/skogskranfb63t\/","title":{"rendered":"SkogskranFB63T"},"content":{"rendered":"<p>FTG K\u00e4llefall kran FB63T har en r\u00e4ckvidd p\u00e5 6,3 m och en lyftkapacitet p\u00e5 455 kg vid max \u00adr\u00e4ckvidd.<br \/>\nKranen \u00e4r utrustad med ett v\u00e4l utpr\u00f6vat l\u00e4nksystem mellan 1:a och 2:a bommen som s\u00e4kerst\u00e4ller b\u00e4sta \u00adm\u00f6jliga r\u00f6relsegeometri och d\u00e4rmed h\u00f6gre \u00adeffektivitet. Teleskoparm med en inv\u00e4ndigt placerad teleskopcylinder ger \u00e4nnu h\u00f6gre funktionalitet Kranens kraftiga bas ger perfekt stabilitet under \u00adlastning och lossning.<br \/>\nFB63T \u00e4r utrustad med en 3 tons rotator, bromsad l\u00e4nk, och FB160 grip som standard<\/p>\n","protected":false},"excerpt":{"rendered":"<p>FB63T har en kranl\u00e4ngd p\u00e5 6,3 m<\/p>\n","protected":false},"featured_media":5060,"comment_status":"closed","ping_status":"closed","template":"","meta":{"_acf_changed":false,"inline_featured_image":false},"product_cat":[237],"product_tag":[],"acf":[],"_links":{"self":[{"href":"https:\/\/ftgkallefall.com\/sv\/wp-json\/wp\/v2\/product\/5050"}],"collection":[{"href":"https:\/\/ftgkallefall.com\/sv\/wp-json\/wp\/v2\/product"}],"about":[{"href":"https:\/\/ftgkallefall.com\/sv\/wp-json\/wp\/v2\/types\/product"}],"replies":[{"embeddable":true,"href":"https:\/\/ftgkallefall.com\/sv\/wp-json\/wp\/v2\/comments?post=5050"}],"wp:featuredmedia":[{"embeddable":true,"href":"https:\/\/ftgkallefall.com\/sv\/wp-json\/wp\/v2\/media\/5060"}],"wp:attachment":[{"href":"https:\/\/ftgkallefall.com\/sv\/wp-json\/wp\/v2\/media?parent=5050"}],"wp:term":[{"taxonomy":"product_cat","embeddable":true,"href":"https:\/\/ftgkallefall.com\/sv\/wp-json\/wp\/v2\/product_cat?post=5050"},{"taxonomy":"product_tag","embeddable":true,"href":"https:\/\/ftgkallefall.com\/sv\/wp-json\/wp\/v2\/product_tag?post=5050"}],"curies":[{"name":"wp","href":"https:\/\/api.w.org\/{rel}","templated":true}]}}