{"id":5206,"date":"2024-04-22T05:57:59","date_gmt":"2024-04-22T03:57:59","guid":{"rendered":"https:\/\/ftgkallefall.com\/?post_type=product&#038;p=5206"},"modified":"2025-08-14T08:43:40","modified_gmt":"2025-08-14T06:43:40","slug":"huggarvag-fb70-2wd","status":"publish","type":"product","link":"https:\/\/ftgkallefall.com\/sv\/produkt\/huggarvag-fb70-2wd\/","title":{"rendered":"Huggarvagn FB70-2WD"},"content":{"rendered":"<p>Huggarvagnen FB70-2WD har samma standardspecifikationer som modell FB70, men \u00e4r utrustad med drivning p\u00e5 tv\u00e5 hjul. Drivningen best\u00e5r av 2 Black Bruin-navmotorer, hydrauliska och elektroniska styrenheter.<\/p>\n<p>Black Bruin l\u00e4gger sitt h\u00f6ga vridmoment precis d\u00e4r det beh\u00f6vs &#8211; under lasten, medan mer dragkraft genereras precis n\u00e4r det beh\u00f6vs med en enkel knapptryckning tack vare det innovativa elektroniska styr- och skyddssystemet.<\/p>\n<p>2WD-systemet ger betydande hj\u00e4lp vid timmertransport i mjuk terr\u00e4ng, passage av hinder som stubbar, kl\u00e4ttring i sluttningar osv.<\/p>\n","protected":false},"excerpt":{"rendered":"<p>FB70-2WD har en lastkapacitet 7 ton, och en max. till\u00e5ten totalvikt upp till 9 ton<\/p>\n","protected":false},"featured_media":5209,"comment_status":"closed","ping_status":"closed","template":"","meta":{"_acf_changed":false,"inline_featured_image":false},"product_cat":[236],"product_tag":[],"acf":[],"_links":{"self":[{"href":"https:\/\/ftgkallefall.com\/sv\/wp-json\/wp\/v2\/product\/5206"}],"collection":[{"href":"https:\/\/ftgkallefall.com\/sv\/wp-json\/wp\/v2\/product"}],"about":[{"href":"https:\/\/ftgkallefall.com\/sv\/wp-json\/wp\/v2\/types\/product"}],"replies":[{"embeddable":true,"href":"https:\/\/ftgkallefall.com\/sv\/wp-json\/wp\/v2\/comments?post=5206"}],"wp:featuredmedia":[{"embeddable":true,"href":"https:\/\/ftgkallefall.com\/sv\/wp-json\/wp\/v2\/media\/5209"}],"wp:attachment":[{"href":"https:\/\/ftgkallefall.com\/sv\/wp-json\/wp\/v2\/media?parent=5206"}],"wp:term":[{"taxonomy":"product_cat","embeddable":true,"href":"https:\/\/ftgkallefall.com\/sv\/wp-json\/wp\/v2\/product_cat?post=5206"},{"taxonomy":"product_tag","embeddable":true,"href":"https:\/\/ftgkallefall.com\/sv\/wp-json\/wp\/v2\/product_tag?post=5206"}],"curies":[{"name":"wp","href":"https:\/\/api.w.org\/{rel}","templated":true}]}}