{"id":5221,"date":"2024-01-05T12:32:27","date_gmt":"2024-01-05T10:32:27","guid":{"rendered":"https:\/\/ftgkallefall.com\/?post_type=product&#038;p=5221"},"modified":"2025-05-30T06:25:54","modified_gmt":"2025-05-30T04:25:54","slug":"extrabank","status":"publish","type":"product","link":"https:\/\/ftgkallefall.com\/sv\/produkt\/extrabank\/","title":{"rendered":"Extrabanke"},"content":{"rendered":"<p>Stakarna kan s\u00e4ttas in eller tas bort fr\u00e5n facket vid behov. Bankarna \u00e4r s\u00e4kert f\u00e4sta i centrumbalken men kan flyttas till en annan position vid behov. Du beh\u00f6ver bara lossa bultarna och skjuta dem till \u00f6nskat l\u00e4ge.<\/p>\n","protected":false},"excerpt":{"rendered":"<p>Standardversionen av extrabanke med stakar npassar till: FB50; FB60; FB70<\/p>\n","protected":false},"featured_media":5223,"comment_status":"open","ping_status":"closed","template":"","meta":{"_acf_changed":false,"inline_featured_image":false},"product_cat":[219,225],"product_tag":[],"acf":[],"_links":{"self":[{"href":"https:\/\/ftgkallefall.com\/sv\/wp-json\/wp\/v2\/product\/5221"}],"collection":[{"href":"https:\/\/ftgkallefall.com\/sv\/wp-json\/wp\/v2\/product"}],"about":[{"href":"https:\/\/ftgkallefall.com\/sv\/wp-json\/wp\/v2\/types\/product"}],"replies":[{"embeddable":true,"href":"https:\/\/ftgkallefall.com\/sv\/wp-json\/wp\/v2\/comments?post=5221"}],"wp:featuredmedia":[{"embeddable":true,"href":"https:\/\/ftgkallefall.com\/sv\/wp-json\/wp\/v2\/media\/5223"}],"wp:attachment":[{"href":"https:\/\/ftgkallefall.com\/sv\/wp-json\/wp\/v2\/media?parent=5221"}],"wp:term":[{"taxonomy":"product_cat","embeddable":true,"href":"https:\/\/ftgkallefall.com\/sv\/wp-json\/wp\/v2\/product_cat?post=5221"},{"taxonomy":"product_tag","embeddable":true,"href":"https:\/\/ftgkallefall.com\/sv\/wp-json\/wp\/v2\/product_tag?post=5221"}],"curies":[{"name":"wp","href":"https:\/\/api.w.org\/{rel}","templated":true}]}}