{"id":5235,"date":"2024-01-07T18:59:46","date_gmt":"2024-01-07T16:59:46","guid":{"rendered":"https:\/\/ftgkallefall.com\/?post_type=product&#038;p=5235"},"modified":"2025-05-30T06:51:08","modified_gmt":"2025-05-30T04:51:08","slug":"forlangningsbank","status":"publish","type":"product","link":"https:\/\/ftgkallefall.com\/sv\/produkt\/forlangningsbank\/","title":{"rendered":"F\u00f6rl\u00e4ngningsbank"},"content":{"rendered":"<p>Beroende p\u00e5 vagnsmodell g\u00f6r ramf\u00f6rl\u00e4ngningen det m\u00f6jligt att ut\u00f6ka lastl\u00e4ngden fr\u00e5n 300 mm till 900 mm.<\/p>\n<p>Om vagnen levererades utan f\u00f6rl\u00e4ngningen kan den monteras n\u00e4r som helst i efterhand. De flesta f\u00f6rl\u00e4ngningsbankar levereras med stakar. Beroende p\u00e5 vagnsmodell har vissa av f\u00f6rl\u00e4ngningsbankar inbyggda bakljus.<\/p>\n","protected":false},"excerpt":{"rendered":"<p>Beroende p\u00e5 vagnsmodell g\u00f6r ramf\u00f6rl\u00e4ngningen det m\u00f6jligt att ut\u00f6ka lastl\u00e4ngden fr\u00e5n 300 mm till 900 mm. Om vagnen levererades utan f\u00f6rl\u00e4ngningen kan den monteras n\u00e4r som helst i efterhand. De flesta f\u00f6rl\u00e4ngningsbankar levereras med stakar. Beroende p\u00e5 vagnsmodell har vissa av f\u00f6rl\u00e4ngningsbankar inbyggda bakljus.<\/p>\n","protected":false},"featured_media":5237,"comment_status":"open","ping_status":"closed","template":"","meta":{"_acf_changed":false,"inline_featured_image":false},"product_cat":[219,225],"product_tag":[],"acf":[],"_links":{"self":[{"href":"https:\/\/ftgkallefall.com\/sv\/wp-json\/wp\/v2\/product\/5235"}],"collection":[{"href":"https:\/\/ftgkallefall.com\/sv\/wp-json\/wp\/v2\/product"}],"about":[{"href":"https:\/\/ftgkallefall.com\/sv\/wp-json\/wp\/v2\/types\/product"}],"replies":[{"embeddable":true,"href":"https:\/\/ftgkallefall.com\/sv\/wp-json\/wp\/v2\/comments?post=5235"}],"wp:featuredmedia":[{"embeddable":true,"href":"https:\/\/ftgkallefall.com\/sv\/wp-json\/wp\/v2\/media\/5237"}],"wp:attachment":[{"href":"https:\/\/ftgkallefall.com\/sv\/wp-json\/wp\/v2\/media?parent=5235"}],"wp:term":[{"taxonomy":"product_cat","embeddable":true,"href":"https:\/\/ftgkallefall.com\/sv\/wp-json\/wp\/v2\/product_cat?post=5235"},{"taxonomy":"product_tag","embeddable":true,"href":"https:\/\/ftgkallefall.com\/sv\/wp-json\/wp\/v2\/product_tag?post=5235"}],"curies":[{"name":"wp","href":"https:\/\/api.w.org\/{rel}","templated":true}]}}