{"id":5252,"date":"2024-01-02T06:41:22","date_gmt":"2024-01-02T04:41:22","guid":{"rendered":"https:\/\/ftgkallefall.com\/?post_type=product&#038;p=5252"},"modified":"2025-05-30T07:40:41","modified_gmt":"2025-05-30T05:40:41","slug":"parkeringsstod","status":"publish","type":"product","link":"https:\/\/ftgkallefall.com\/sv\/produkt\/parkeringsstod\/","title":{"rendered":"Parkeringsst\u00f6d"},"content":{"rendered":"<p>Satsen inneh\u00e5ller ett parkeringsben och en l\u00e5ssprint.<\/p>\n<p>Parkeringsst\u00f6det passar f\u00f6ljande modeller: FB50; FB60; FB70<\/p>\n<p>F\u00f6r mer information, kontakta din lokala \u00e5terf\u00f6rs\u00e4ljare.<\/p>\n","protected":false},"excerpt":{"rendered":"<p>Satsen inneh\u00e5ller ett parkeringsben och en l\u00e5ssprint. Parkeringsst\u00f6det passar f\u00f6ljande modeller: FB50; FB60; FB70 F\u00f6r mer information, kontakta din lokala \u00e5terf\u00f6rs\u00e4ljare.<\/p>\n","protected":false},"featured_media":5254,"comment_status":"closed","ping_status":"closed","template":"","meta":{"_acf_changed":false,"inline_featured_image":false},"product_cat":[219,225],"product_tag":[],"acf":[],"_links":{"self":[{"href":"https:\/\/ftgkallefall.com\/sv\/wp-json\/wp\/v2\/product\/5252"}],"collection":[{"href":"https:\/\/ftgkallefall.com\/sv\/wp-json\/wp\/v2\/product"}],"about":[{"href":"https:\/\/ftgkallefall.com\/sv\/wp-json\/wp\/v2\/types\/product"}],"replies":[{"embeddable":true,"href":"https:\/\/ftgkallefall.com\/sv\/wp-json\/wp\/v2\/comments?post=5252"}],"wp:featuredmedia":[{"embeddable":true,"href":"https:\/\/ftgkallefall.com\/sv\/wp-json\/wp\/v2\/media\/5254"}],"wp:attachment":[{"href":"https:\/\/ftgkallefall.com\/sv\/wp-json\/wp\/v2\/media?parent=5252"}],"wp:term":[{"taxonomy":"product_cat","embeddable":true,"href":"https:\/\/ftgkallefall.com\/sv\/wp-json\/wp\/v2\/product_cat?post=5252"},{"taxonomy":"product_tag","embeddable":true,"href":"https:\/\/ftgkallefall.com\/sv\/wp-json\/wp\/v2\/product_tag?post=5252"}],"curies":[{"name":"wp","href":"https:\/\/api.w.org\/{rel}","templated":true}]}}