{"id":5255,"date":"2024-01-02T06:54:38","date_gmt":"2024-01-02T04:54:38","guid":{"rendered":"https:\/\/ftgkallefall.com\/?post_type=product&#038;p=5255"},"modified":"2025-05-30T07:46:09","modified_gmt":"2025-05-30T05:46:09","slug":"parkeringsstod-justerbart-i-hojdled","status":"publish","type":"product","link":"https:\/\/ftgkallefall.com\/sv\/produkt\/parkeringsstod-justerbart-i-hojdled\/","title":{"rendered":"Parkeringsst\u00f6d (justerbart i h\u00f6jdled)"},"content":{"rendered":"<p>Tillverkad f\u00f6r tillf\u00f6rlitlighet och enkel anv\u00e4ndning.<\/p>\n<p>Passar till modellerna FB90, FB90D, FB100 och FB120D<\/p>\n","protected":false},"excerpt":{"rendered":"<p>Tillverkad f\u00f6r tillf\u00f6rlitlighet och enkel anv\u00e4ndning. Passar till modellerna FB90, FB90D, FB100 och FB120D<\/p>\n","protected":false},"featured_media":5263,"comment_status":"closed","ping_status":"closed","template":"","meta":{"_acf_changed":false,"inline_featured_image":false},"product_cat":[219,225],"product_tag":[],"acf":[],"_links":{"self":[{"href":"https:\/\/ftgkallefall.com\/sv\/wp-json\/wp\/v2\/product\/5255"}],"collection":[{"href":"https:\/\/ftgkallefall.com\/sv\/wp-json\/wp\/v2\/product"}],"about":[{"href":"https:\/\/ftgkallefall.com\/sv\/wp-json\/wp\/v2\/types\/product"}],"replies":[{"embeddable":true,"href":"https:\/\/ftgkallefall.com\/sv\/wp-json\/wp\/v2\/comments?post=5255"}],"wp:featuredmedia":[{"embeddable":true,"href":"https:\/\/ftgkallefall.com\/sv\/wp-json\/wp\/v2\/media\/5263"}],"wp:attachment":[{"href":"https:\/\/ftgkallefall.com\/sv\/wp-json\/wp\/v2\/media?parent=5255"}],"wp:term":[{"taxonomy":"product_cat","embeddable":true,"href":"https:\/\/ftgkallefall.com\/sv\/wp-json\/wp\/v2\/product_cat?post=5255"},{"taxonomy":"product_tag","embeddable":true,"href":"https:\/\/ftgkallefall.com\/sv\/wp-json\/wp\/v2\/product_tag?post=5255"}],"curies":[{"name":"wp","href":"https:\/\/api.w.org\/{rel}","templated":true}]}}