{"id":5273,"date":"2024-01-02T07:23:38","date_gmt":"2024-01-02T05:23:38","guid":{"rendered":"https:\/\/ftgkallefall.com\/?post_type=product&#038;p=5273"},"modified":"2025-05-30T07:51:19","modified_gmt":"2025-05-30T05:51:19","slug":"parkeringsstod-med-hjul-justerbart-i-hojdled","status":"publish","type":"product","link":"https:\/\/ftgkallefall.com\/sv\/produkt\/parkeringsstod-med-hjul-justerbart-i-hojdled\/","title":{"rendered":"Parkeringsst\u00f6d med hjul (justerbart i h\u00f6jdled"},"content":{"rendered":"<p>Parkeringshjul med justerbar h\u00f6jd.<\/p>\n<p>F\u00f6r modellerna FB50\/FB60 och FB70<\/p>\n","protected":false},"excerpt":{"rendered":"<p>For modellerna FB50\/FB60 och FB70<\/p>\n","protected":false},"featured_media":5277,"comment_status":"closed","ping_status":"closed","template":"","meta":{"_acf_changed":false,"inline_featured_image":false},"product_cat":[219,225],"product_tag":[],"acf":[],"_links":{"self":[{"href":"https:\/\/ftgkallefall.com\/sv\/wp-json\/wp\/v2\/product\/5273"}],"collection":[{"href":"https:\/\/ftgkallefall.com\/sv\/wp-json\/wp\/v2\/product"}],"about":[{"href":"https:\/\/ftgkallefall.com\/sv\/wp-json\/wp\/v2\/types\/product"}],"replies":[{"embeddable":true,"href":"https:\/\/ftgkallefall.com\/sv\/wp-json\/wp\/v2\/comments?post=5273"}],"wp:featuredmedia":[{"embeddable":true,"href":"https:\/\/ftgkallefall.com\/sv\/wp-json\/wp\/v2\/media\/5277"}],"wp:attachment":[{"href":"https:\/\/ftgkallefall.com\/sv\/wp-json\/wp\/v2\/media?parent=5273"}],"wp:term":[{"taxonomy":"product_cat","embeddable":true,"href":"https:\/\/ftgkallefall.com\/sv\/wp-json\/wp\/v2\/product_cat?post=5273"},{"taxonomy":"product_tag","embeddable":true,"href":"https:\/\/ftgkallefall.com\/sv\/wp-json\/wp\/v2\/product_tag?post=5273"}],"curies":[{"name":"wp","href":"https:\/\/api.w.org\/{rel}","templated":true}]}}