{"id":5291,"date":"2024-01-09T13:58:53","date_gmt":"2024-01-09T11:58:53","guid":{"rendered":"https:\/\/ftgkallefall.com\/?post_type=product&#038;p=5291"},"modified":"2025-05-30T07:55:49","modified_gmt":"2025-05-30T05:55:49","slug":"forlangningsstakar","status":"publish","type":"product","link":"https:\/\/ftgkallefall.com\/sv\/produkt\/forlangningsstakar\/","title":{"rendered":"F\u00f6rl\u00e4ngningsstakar"},"content":{"rendered":"<p>F\u00f6rl\u00e4ngningsstakar, l\u00e4ngd 200 mm<\/p>\n","protected":false},"excerpt":{"rendered":"<p>F\u00f6rl\u00e4ngningsstakar f\u00f6r modellerna FB50\/FB60\/FB70<\/p>\n","protected":false},"featured_media":5293,"comment_status":"open","ping_status":"closed","template":"","meta":{"_acf_changed":false,"inline_featured_image":false},"product_cat":[219,225],"product_tag":[],"acf":[],"_links":{"self":[{"href":"https:\/\/ftgkallefall.com\/sv\/wp-json\/wp\/v2\/product\/5291"}],"collection":[{"href":"https:\/\/ftgkallefall.com\/sv\/wp-json\/wp\/v2\/product"}],"about":[{"href":"https:\/\/ftgkallefall.com\/sv\/wp-json\/wp\/v2\/types\/product"}],"replies":[{"embeddable":true,"href":"https:\/\/ftgkallefall.com\/sv\/wp-json\/wp\/v2\/comments?post=5291"}],"wp:featuredmedia":[{"embeddable":true,"href":"https:\/\/ftgkallefall.com\/sv\/wp-json\/wp\/v2\/media\/5293"}],"wp:attachment":[{"href":"https:\/\/ftgkallefall.com\/sv\/wp-json\/wp\/v2\/media?parent=5291"}],"wp:term":[{"taxonomy":"product_cat","embeddable":true,"href":"https:\/\/ftgkallefall.com\/sv\/wp-json\/wp\/v2\/product_cat?post=5291"},{"taxonomy":"product_tag","embeddable":true,"href":"https:\/\/ftgkallefall.com\/sv\/wp-json\/wp\/v2\/product_tag?post=5291"}],"curies":[{"name":"wp","href":"https:\/\/api.w.org\/{rel}","templated":true}]}}