{"id":5298,"date":"2023-12-29T18:10:43","date_gmt":"2023-12-29T16:10:43","guid":{"rendered":"https:\/\/ftgkallefall.com\/?post_type=product&#038;p=5298"},"modified":"2025-05-30T08:00:03","modified_gmt":"2025-05-30T06:00:03","slug":"stoppklossar-for-hjulen","status":"publish","type":"product","link":"https:\/\/ftgkallefall.com\/sv\/produkt\/stoppklossar-for-hjulen\/","title":{"rendered":"Stoppklossar (f\u00f6r hjulen)"},"content":{"rendered":"<p>Stoppklossar, plast (2 st.)<\/p>\n<p>Stoppklossar som f\u00f6rhindrar att vagnen r\u00f6r sig oavsiktligt. Placeras f\u00f6r s\u00e4kerhet mot hjulen. Tillverkad av robust plastmaterial som \u00e4r l\u00e4ttare \u00e4n hjulklossar av st\u00e5l.<\/p>\n","protected":false},"excerpt":{"rendered":"<p>Stoppklossar, plast (2 st.) Stoppklossar som f\u00f6rhindrar att vagnen r\u00f6r sig oavsiktligt. Placeras f\u00f6r s\u00e4kerhet mot hjulen. Tillverkad av robust plastmaterial som \u00e4r l\u00e4ttare \u00e4n hjulklossar av st\u00e5l.<\/p>\n","protected":false},"featured_media":7776,"comment_status":"open","ping_status":"closed","template":"","meta":{"_acf_changed":false,"inline_featured_image":false},"product_cat":[219,225],"product_tag":[],"acf":[],"_links":{"self":[{"href":"https:\/\/ftgkallefall.com\/sv\/wp-json\/wp\/v2\/product\/5298"}],"collection":[{"href":"https:\/\/ftgkallefall.com\/sv\/wp-json\/wp\/v2\/product"}],"about":[{"href":"https:\/\/ftgkallefall.com\/sv\/wp-json\/wp\/v2\/types\/product"}],"replies":[{"embeddable":true,"href":"https:\/\/ftgkallefall.com\/sv\/wp-json\/wp\/v2\/comments?post=5298"}],"wp:featuredmedia":[{"embeddable":true,"href":"https:\/\/ftgkallefall.com\/sv\/wp-json\/wp\/v2\/media\/7776"}],"wp:attachment":[{"href":"https:\/\/ftgkallefall.com\/sv\/wp-json\/wp\/v2\/media?parent=5298"}],"wp:term":[{"taxonomy":"product_cat","embeddable":true,"href":"https:\/\/ftgkallefall.com\/sv\/wp-json\/wp\/v2\/product_cat?post=5298"},{"taxonomy":"product_tag","embeddable":true,"href":"https:\/\/ftgkallefall.com\/sv\/wp-json\/wp\/v2\/product_tag?post=5298"}],"curies":[{"name":"wp","href":"https:\/\/api.w.org\/{rel}","templated":true}]}}