{"id":5302,"date":"2024-01-08T07:29:11","date_gmt":"2024-01-08T05:29:11","guid":{"rendered":"https:\/\/ftgkallefall.com\/?post_type=product&#038;p=5302"},"modified":"2025-05-30T08:20:04","modified_gmt":"2025-05-30T06:20:04","slug":"risplatar","status":"publish","type":"product","link":"https:\/\/ftgkallefall.com\/sv\/produkt\/risplatar\/","title":{"rendered":"Rispl\u00e5tar"},"content":{"rendered":"<p>Rispl\u00e5tar konstruerade och anpassade f\u00f6r transport av ris. Rispl\u00e5tarna \u00e4r l\u00e4tta att montera eftersom de bara beh\u00f6ver monteras \u00f6ver stakarna och skruvas ihop.<\/p>\n<ul>\n<li>L\u00e4tt att montera<\/li>\n<li>Finns f\u00f6r de flesta FTG K\u00e4llefall huggarvagnar<\/li>\n<li>F\u00f6rzinkat material<\/li>\n<\/ul>\n<p>Se nedan f\u00f6r mer information om insticksplattor f\u00f6r olika vagnsmodeller.<\/p>\n<p>Pris p\u00e5 f\u00f6rfr\u00e5gan.<\/p>\n","protected":false},"excerpt":{"rendered":"<p>Rispl\u00e5tar konstruerade och anpassade f\u00f6r transport av ris. Rispl\u00e5tarna \u00e4r l\u00e4tta att montera eftersom de bara beh\u00f6ver monteras \u00f6ver stakarna och skruvas ihop. L\u00e4tt att montera Finns f\u00f6r de flesta FTG K\u00e4llefall huggarvagnar F\u00f6rzinkat material Se nedan f\u00f6r mer information om insticksplattor f\u00f6r olika vagnsmodeller. Pris p\u00e5 f\u00f6rfr\u00e5gan.<\/p>\n","protected":false},"featured_media":5304,"comment_status":"open","ping_status":"closed","template":"","meta":{"_acf_changed":false,"inline_featured_image":false},"product_cat":[219,225],"product_tag":[],"acf":[],"_links":{"self":[{"href":"https:\/\/ftgkallefall.com\/sv\/wp-json\/wp\/v2\/product\/5302"}],"collection":[{"href":"https:\/\/ftgkallefall.com\/sv\/wp-json\/wp\/v2\/product"}],"about":[{"href":"https:\/\/ftgkallefall.com\/sv\/wp-json\/wp\/v2\/types\/product"}],"replies":[{"embeddable":true,"href":"https:\/\/ftgkallefall.com\/sv\/wp-json\/wp\/v2\/comments?post=5302"}],"wp:featuredmedia":[{"embeddable":true,"href":"https:\/\/ftgkallefall.com\/sv\/wp-json\/wp\/v2\/media\/5304"}],"wp:attachment":[{"href":"https:\/\/ftgkallefall.com\/sv\/wp-json\/wp\/v2\/media?parent=5302"}],"wp:term":[{"taxonomy":"product_cat","embeddable":true,"href":"https:\/\/ftgkallefall.com\/sv\/wp-json\/wp\/v2\/product_cat?post=5302"},{"taxonomy":"product_tag","embeddable":true,"href":"https:\/\/ftgkallefall.com\/sv\/wp-json\/wp\/v2\/product_tag?post=5302"}],"curies":[{"name":"wp","href":"https:\/\/api.w.org\/{rel}","templated":true}]}}