{"id":5305,"date":"2024-01-09T15:00:04","date_gmt":"2024-01-09T13:00:04","guid":{"rendered":"https:\/\/ftgkallefall.com\/?post_type=product&#038;p=5305"},"modified":"2025-05-30T08:22:48","modified_gmt":"2025-05-30T06:22:48","slug":"stakhallare-for-1-m-virke","status":"publish","type":"product","link":"https:\/\/ftgkallefall.com\/sv\/produkt\/stakhallare-for-1-m-virke\/","title":{"rendered":"Stakh\u00e5llare for 1 m virke"},"content":{"rendered":"<p>Stakh\u00e5llare f\u00f6r transport av 1 m virke<\/p>\n","protected":false},"excerpt":{"rendered":"<p>Stakh\u00e5llare f\u00f6r transport av 1 m virke<\/p>\n","protected":false},"featured_media":5309,"comment_status":"open","ping_status":"closed","template":"","meta":{"_acf_changed":false,"inline_featured_image":false},"product_cat":[219,225],"product_tag":[],"acf":[],"_links":{"self":[{"href":"https:\/\/ftgkallefall.com\/sv\/wp-json\/wp\/v2\/product\/5305"}],"collection":[{"href":"https:\/\/ftgkallefall.com\/sv\/wp-json\/wp\/v2\/product"}],"about":[{"href":"https:\/\/ftgkallefall.com\/sv\/wp-json\/wp\/v2\/types\/product"}],"replies":[{"embeddable":true,"href":"https:\/\/ftgkallefall.com\/sv\/wp-json\/wp\/v2\/comments?post=5305"}],"wp:featuredmedia":[{"embeddable":true,"href":"https:\/\/ftgkallefall.com\/sv\/wp-json\/wp\/v2\/media\/5309"}],"wp:attachment":[{"href":"https:\/\/ftgkallefall.com\/sv\/wp-json\/wp\/v2\/media?parent=5305"}],"wp:term":[{"taxonomy":"product_cat","embeddable":true,"href":"https:\/\/ftgkallefall.com\/sv\/wp-json\/wp\/v2\/product_cat?post=5305"},{"taxonomy":"product_tag","embeddable":true,"href":"https:\/\/ftgkallefall.com\/sv\/wp-json\/wp\/v2\/product_tag?post=5305"}],"curies":[{"name":"wp","href":"https:\/\/api.w.org\/{rel}","templated":true}]}}