{"id":5312,"date":"2023-12-29T17:24:13","date_gmt":"2023-12-29T15:24:13","guid":{"rendered":"https:\/\/ftgkallefall.com\/?post_type=product&#038;p=5312"},"modified":"2025-05-30T08:24:03","modified_gmt":"2025-05-30T06:24:03","slug":"skyddsplattor-for-stodbe","status":"publish","type":"product","link":"https:\/\/ftgkallefall.com\/sv\/produkt\/skyddsplattor-for-stodbe\/","title":{"rendered":"Skyddsplattor f\u00f6r st\u00f6dbe"},"content":{"rendered":"<p>Skyddsplattor f\u00f6r st\u00f6dben.<\/p>\n<p>1 set inneh\u00e5ller 2 plattor.<\/p>\n","protected":false},"excerpt":{"rendered":"<p>Skyddsplattor f\u00f6r st\u00f6dben. 1 set inneh\u00e5ller 2 plattor.<\/p>\n","protected":false},"featured_media":7761,"comment_status":"closed","ping_status":"closed","template":"","meta":{"_acf_changed":false,"inline_featured_image":false},"product_cat":[219,225],"product_tag":[],"acf":[],"_links":{"self":[{"href":"https:\/\/ftgkallefall.com\/sv\/wp-json\/wp\/v2\/product\/5312"}],"collection":[{"href":"https:\/\/ftgkallefall.com\/sv\/wp-json\/wp\/v2\/product"}],"about":[{"href":"https:\/\/ftgkallefall.com\/sv\/wp-json\/wp\/v2\/types\/product"}],"replies":[{"embeddable":true,"href":"https:\/\/ftgkallefall.com\/sv\/wp-json\/wp\/v2\/comments?post=5312"}],"wp:featuredmedia":[{"embeddable":true,"href":"https:\/\/ftgkallefall.com\/sv\/wp-json\/wp\/v2\/media\/7761"}],"wp:attachment":[{"href":"https:\/\/ftgkallefall.com\/sv\/wp-json\/wp\/v2\/media?parent=5312"}],"wp:term":[{"taxonomy":"product_cat","embeddable":true,"href":"https:\/\/ftgkallefall.com\/sv\/wp-json\/wp\/v2\/product_cat?post=5312"},{"taxonomy":"product_tag","embeddable":true,"href":"https:\/\/ftgkallefall.com\/sv\/wp-json\/wp\/v2\/product_tag?post=5312"}],"curies":[{"name":"wp","href":"https:\/\/api.w.org\/{rel}","templated":true}]}}