{"id":5327,"date":"2023-12-29T18:05:28","date_gmt":"2023-12-29T16:05:28","guid":{"rendered":"https:\/\/ftgkallefall.com\/?post_type=product&#038;p=5327"},"modified":"2025-05-30T08:30:46","modified_gmt":"2025-05-30T06:30:46","slug":"reservdunkshallare-och-dun","status":"publish","type":"product","link":"https:\/\/ftgkallefall.com\/sv\/produkt\/reservdunkshallare-och-dun\/","title":{"rendered":"Reservdunksh\u00e5llare och dunk"},"content":{"rendered":"<p>Universell br\u00e4nsledunksh\u00e5llare som passar alla FTG K\u00e4llefall-vagnar. H\u00e5llarna \u00e4r enkla att montera och ta bort och h\u00e5ller en dubbel br\u00e4nsletank tryggt och s\u00e4kert p\u00e5 plats n\u00e4r du k\u00f6r i tuff terr\u00e4ng.<\/p>\n<ul>\n<li>Universell design g\u00f6r det m\u00f6jligt att montera h\u00e5llaren inte bara p\u00e5 alla FTG K\u00e4llefall-sl\u00e4pvagnar utan \u00e4ven p\u00e5 andra vagnar p\u00e5 marknaden<\/li>\n<li>Tank 5L+2L ing\u00e5r<\/li>\n<li>Slitstark svart pulverlackering p\u00e5 st\u00e5ldelar<\/li>\n<li>F\u00f6r garanterad s\u00e4kerhet medf\u00f6ljer flexibla remmar<\/li>\n<li>Tar bara n\u00e5gra minuter att installera<\/li>\n<\/ul>\n","protected":false},"excerpt":{"rendered":"<p>Universell br\u00e4nsledunksh\u00e5llare som passar alla FTG K\u00e4llefall-vagnar. H\u00e5llarna \u00e4r enkla att montera och ta bort och h\u00e5ller en dubbel br\u00e4nsletank tryggt och s\u00e4kert p\u00e5 plats n\u00e4r du k\u00f6r i tuff terr\u00e4ng. Universell design g\u00f6r det m\u00f6jligt att montera h\u00e5llaren inte bara p\u00e5 alla FTG K\u00e4llefall-sl\u00e4pvagnar utan \u00e4ven p\u00e5 andra vagnar p\u00e5 marknaden Tank 5L+2L ing\u00e5r [&hellip;]<\/p>\n","protected":false},"featured_media":5329,"comment_status":"closed","ping_status":"closed","template":"","meta":{"_acf_changed":false,"inline_featured_image":false},"product_cat":[219,225],"product_tag":[],"acf":[],"_links":{"self":[{"href":"https:\/\/ftgkallefall.com\/sv\/wp-json\/wp\/v2\/product\/5327"}],"collection":[{"href":"https:\/\/ftgkallefall.com\/sv\/wp-json\/wp\/v2\/product"}],"about":[{"href":"https:\/\/ftgkallefall.com\/sv\/wp-json\/wp\/v2\/types\/product"}],"replies":[{"embeddable":true,"href":"https:\/\/ftgkallefall.com\/sv\/wp-json\/wp\/v2\/comments?post=5327"}],"wp:featuredmedia":[{"embeddable":true,"href":"https:\/\/ftgkallefall.com\/sv\/wp-json\/wp\/v2\/media\/5329"}],"wp:attachment":[{"href":"https:\/\/ftgkallefall.com\/sv\/wp-json\/wp\/v2\/media?parent=5327"}],"wp:term":[{"taxonomy":"product_cat","embeddable":true,"href":"https:\/\/ftgkallefall.com\/sv\/wp-json\/wp\/v2\/product_cat?post=5327"},{"taxonomy":"product_tag","embeddable":true,"href":"https:\/\/ftgkallefall.com\/sv\/wp-json\/wp\/v2\/product_tag?post=5327"}],"curies":[{"name":"wp","href":"https:\/\/api.w.org\/{rel}","templated":true}]}}