{"id":5340,"date":"2024-01-04T08:13:23","date_gmt":"2024-01-04T06:13:23","guid":{"rendered":"https:\/\/ftgkallefall.com\/?post_type=product&#038;p=5340"},"modified":"2025-05-30T08:40:37","modified_gmt":"2025-05-30T06:40:37","slug":"separat-hydrausystem-fb50-fb60","status":"publish","type":"product","link":"https:\/\/ftgkallefall.com\/sv\/produkt\/separat-hydrausystem-fb50-fb60\/","title":{"rendered":"Separat hydraulsystem FB50\/FB60"},"content":{"rendered":"<p>Ett separat hydraulsystem anv\u00e4nds n\u00e4r traktorns oljefl\u00f6de \u00e4r otillr\u00e4ckligt f\u00f6r \u00f6nskad kranhastighet vid tomg\u00e5ngsvarvtal p\u00e5 kraftuttaget.<\/p>\n","protected":false},"excerpt":{"rendered":"<p>F\u00f6r modellerna FB50\/FB60, han- och honanslutningar<\/p>\n","protected":false},"featured_media":5341,"comment_status":"open","ping_status":"closed","template":"","meta":{"_acf_changed":false,"inline_featured_image":false},"product_cat":[219,223],"product_tag":[],"acf":[],"_links":{"self":[{"href":"https:\/\/ftgkallefall.com\/sv\/wp-json\/wp\/v2\/product\/5340"}],"collection":[{"href":"https:\/\/ftgkallefall.com\/sv\/wp-json\/wp\/v2\/product"}],"about":[{"href":"https:\/\/ftgkallefall.com\/sv\/wp-json\/wp\/v2\/types\/product"}],"replies":[{"embeddable":true,"href":"https:\/\/ftgkallefall.com\/sv\/wp-json\/wp\/v2\/comments?post=5340"}],"wp:featuredmedia":[{"embeddable":true,"href":"https:\/\/ftgkallefall.com\/sv\/wp-json\/wp\/v2\/media\/5341"}],"wp:attachment":[{"href":"https:\/\/ftgkallefall.com\/sv\/wp-json\/wp\/v2\/media?parent=5340"}],"wp:term":[{"taxonomy":"product_cat","embeddable":true,"href":"https:\/\/ftgkallefall.com\/sv\/wp-json\/wp\/v2\/product_cat?post=5340"},{"taxonomy":"product_tag","embeddable":true,"href":"https:\/\/ftgkallefall.com\/sv\/wp-json\/wp\/v2\/product_tag?post=5340"}],"curies":[{"name":"wp","href":"https:\/\/api.w.org\/{rel}","templated":true}]}}