{"id":5344,"date":"2024-01-02T14:36:28","date_gmt":"2024-01-02T12:36:28","guid":{"rendered":"https:\/\/ftgkallefall.com\/?post_type=product&#038;p=5344"},"modified":"2025-05-30T08:45:37","modified_gmt":"2025-05-30T06:45:37","slug":"separat-hydraulsystem-fb70","status":"publish","type":"product","link":"https:\/\/ftgkallefall.com\/sv\/produkt\/separat-hydraulsystem-fb70\/","title":{"rendered":"Separat hydraulsystem FB70"},"content":{"rendered":"<p>Ett separat hydraulsystem anv\u00e4nds n\u00e4r traktorns oljefl\u00f6de \u00e4r otillr\u00e4ckligt f\u00f6r \u00f6nskad kranhastighet vid tomg\u00e5ngsvarvtal p\u00e5 kraftuttaget.<\/p>\n<ul>\n<li>Oljetank konstruerad f\u00f6r att passa perfekt till huggarvagn FB70<\/li>\n<li>Pump tillg\u00e4nglig f\u00f6r montering p\u00e5 dragst\u00e5ng eller direkt p\u00e5 traktorns kraftuttag<\/li>\n<li>Systemets kapacitet s\u00e4kerst\u00e4ller krandrift med avsedd prestanda<\/li>\n<\/ul>\n","protected":false},"excerpt":{"rendered":"<p>Ett separat hydraulsystem anv\u00e4nds n\u00e4r traktorns oljefl\u00f6de \u00e4r otillr\u00e4ckligt f\u00f6r \u00f6nskad kranhastighet vid tomg\u00e5ngsvarvtal p\u00e5 kraftuttaget. Oljetank konstruerad f\u00f6r att passa perfekt till huggarvagn FB70 Pump tillg\u00e4nglig f\u00f6r montering p\u00e5 dragst\u00e5ng eller direkt p\u00e5 traktorns kraftuttag Systemets kapacitet s\u00e4kerst\u00e4ller krandrift med avsedd prestanda<\/p>\n","protected":false},"featured_media":5347,"comment_status":"open","ping_status":"closed","template":"","meta":{"_acf_changed":false,"inline_featured_image":false},"product_cat":[219,223],"product_tag":[],"acf":[],"_links":{"self":[{"href":"https:\/\/ftgkallefall.com\/sv\/wp-json\/wp\/v2\/product\/5344"}],"collection":[{"href":"https:\/\/ftgkallefall.com\/sv\/wp-json\/wp\/v2\/product"}],"about":[{"href":"https:\/\/ftgkallefall.com\/sv\/wp-json\/wp\/v2\/types\/product"}],"replies":[{"embeddable":true,"href":"https:\/\/ftgkallefall.com\/sv\/wp-json\/wp\/v2\/comments?post=5344"}],"wp:featuredmedia":[{"embeddable":true,"href":"https:\/\/ftgkallefall.com\/sv\/wp-json\/wp\/v2\/media\/5347"}],"wp:attachment":[{"href":"https:\/\/ftgkallefall.com\/sv\/wp-json\/wp\/v2\/media?parent=5344"}],"wp:term":[{"taxonomy":"product_cat","embeddable":true,"href":"https:\/\/ftgkallefall.com\/sv\/wp-json\/wp\/v2\/product_cat?post=5344"},{"taxonomy":"product_tag","embeddable":true,"href":"https:\/\/ftgkallefall.com\/sv\/wp-json\/wp\/v2\/product_tag?post=5344"}],"curies":[{"name":"wp","href":"https:\/\/api.w.org\/{rel}","templated":true}]}}