{"id":5353,"date":"2024-05-09T19:08:31","date_gmt":"2024-05-09T17:08:31","guid":{"rendered":"https:\/\/ftgkallefall.com\/?post_type=product&#038;p=5353"},"modified":"2025-05-30T09:00:11","modified_gmt":"2025-05-30T07:00:11","slug":"radiostyrnin","status":"publish","type":"product","link":"https:\/\/ftgkallefall.com\/sv\/produkt\/radiostyrnin\/","title":{"rendered":"Radiostyrning"},"content":{"rendered":"<p>Detta system baseras p\u00e5 en hydraulisk sektionsventil DVS14 (normalt 8 sektioner) som fj\u00e4rrstyrs med 4 sektioners proportionell och 4 sektioners el. on\/off-styrning med hj\u00e4lp av &#8221;Scanreco&#8221; fj\u00e4rrstyrnings- och mottagarsystem.<br \/>\nDessa ventiler har mycket exakta regleregenskaper och de \u00e4r smidiga och exakta i drift, med kompakt l\u00e4ttviktsdesign.<\/p>\n","protected":false},"excerpt":{"rendered":"<p>Detta system baseras p\u00e5 en hydraulisk sektionsventil DVS14 (normalt 8 sektioner) som fj\u00e4rrstyrs med 4 sektioners proportionell och 4 sektioners el. on\/off-styrning med hj\u00e4lp av &#8221;Scanreco&#8221; fj\u00e4rrstyrnings- och mottagarsystem. Dessa ventiler har mycket exakta regleregenskaper och de \u00e4r smidiga och exakta i drift, med kompakt l\u00e4ttviktsdesign.<\/p>\n","protected":false},"featured_media":5354,"comment_status":"closed","ping_status":"closed","template":"","meta":{"_acf_changed":false,"inline_featured_image":false},"product_cat":[219,226],"product_tag":[],"acf":[],"_links":{"self":[{"href":"https:\/\/ftgkallefall.com\/sv\/wp-json\/wp\/v2\/product\/5353"}],"collection":[{"href":"https:\/\/ftgkallefall.com\/sv\/wp-json\/wp\/v2\/product"}],"about":[{"href":"https:\/\/ftgkallefall.com\/sv\/wp-json\/wp\/v2\/types\/product"}],"replies":[{"embeddable":true,"href":"https:\/\/ftgkallefall.com\/sv\/wp-json\/wp\/v2\/comments?post=5353"}],"wp:featuredmedia":[{"embeddable":true,"href":"https:\/\/ftgkallefall.com\/sv\/wp-json\/wp\/v2\/media\/5354"}],"wp:attachment":[{"href":"https:\/\/ftgkallefall.com\/sv\/wp-json\/wp\/v2\/media?parent=5353"}],"wp:term":[{"taxonomy":"product_cat","embeddable":true,"href":"https:\/\/ftgkallefall.com\/sv\/wp-json\/wp\/v2\/product_cat?post=5353"},{"taxonomy":"product_tag","embeddable":true,"href":"https:\/\/ftgkallefall.com\/sv\/wp-json\/wp\/v2\/product_tag?post=5353"}],"curies":[{"name":"wp","href":"https:\/\/api.w.org\/{rel}","templated":true}]}}