{"id":5356,"date":"2024-05-09T18:50:12","date_gmt":"2024-05-09T16:50:12","guid":{"rendered":"https:\/\/ftgkallefall.com\/?post_type=product&#038;p=5356"},"modified":"2025-05-30T09:03:40","modified_gmt":"2025-05-30T07:03:40","slug":"ventilpaket-crv60-7a","status":"publish","type":"product","link":"https:\/\/ftgkallefall.com\/sv\/produkt\/ventilpaket-crv60-7a\/","title":{"rendered":"Ventilpaket CRV60\/7A"},"content":{"rendered":"<p>Detta \u00e4r en l\u00e4ttviktig och liten hydraulisk reglerventil med ett block, speciellt utformad f\u00f6r skogsbrukskranar.<\/p>\n<p>Denna modell har mekanisk styrning med 2 spakar.<\/p>\n","protected":false},"excerpt":{"rendered":"<p>Detta \u00e4r en l\u00e4ttviktig och liten hydraulisk reglerventil med ett block, speciellt utformad f\u00f6r skogsbrukskranar. Denna modell har mekanisk styrning med 2 spakar.<\/p>\n","protected":false},"featured_media":7283,"comment_status":"closed","ping_status":"closed","template":"","meta":{"_acf_changed":false,"inline_featured_image":false},"product_cat":[219,226],"product_tag":[],"acf":[],"_links":{"self":[{"href":"https:\/\/ftgkallefall.com\/sv\/wp-json\/wp\/v2\/product\/5356"}],"collection":[{"href":"https:\/\/ftgkallefall.com\/sv\/wp-json\/wp\/v2\/product"}],"about":[{"href":"https:\/\/ftgkallefall.com\/sv\/wp-json\/wp\/v2\/types\/product"}],"replies":[{"embeddable":true,"href":"https:\/\/ftgkallefall.com\/sv\/wp-json\/wp\/v2\/comments?post=5356"}],"wp:featuredmedia":[{"embeddable":true,"href":"https:\/\/ftgkallefall.com\/sv\/wp-json\/wp\/v2\/media\/7283"}],"wp:attachment":[{"href":"https:\/\/ftgkallefall.com\/sv\/wp-json\/wp\/v2\/media?parent=5356"}],"wp:term":[{"taxonomy":"product_cat","embeddable":true,"href":"https:\/\/ftgkallefall.com\/sv\/wp-json\/wp\/v2\/product_cat?post=5356"},{"taxonomy":"product_tag","embeddable":true,"href":"https:\/\/ftgkallefall.com\/sv\/wp-json\/wp\/v2\/product_tag?post=5356"}],"curies":[{"name":"wp","href":"https:\/\/api.w.org\/{rel}","templated":true}]}}