{"id":5359,"date":"2024-05-09T18:56:01","date_gmt":"2024-05-09T16:56:01","guid":{"rendered":"https:\/\/ftgkallefall.com\/?post_type=product&#038;p=5359"},"modified":"2025-05-30T09:07:33","modified_gmt":"2025-05-30T07:07:33","slug":"on-off-ventile-crv60-8e","status":"publish","type":"product","link":"https:\/\/ftgkallefall.com\/sv\/produkt\/on-off-ventile-crv60-8e\/","title":{"rendered":"On\/Off ventil CRV60\/8E"},"content":{"rendered":"<p>Detta \u00e4r en l\u00e4ttviktig och liten hydraulisk reglerventil med monoblock, som s\u00e4rskilt anv\u00e4nds f\u00f6r lastare inom jordbruk och skogsbruk.<\/p>\n<p>CRV60 2-V on\/off har bekv\u00e4m mekanisk 2-spaks mekanik med 2 sektioner av elektrisk styrning.<\/p>\n","protected":false},"excerpt":{"rendered":"<p>Detta \u00e4r en l\u00e4ttviktig och liten hydraulisk reglerventil med monoblock, som s\u00e4rskilt anv\u00e4nds f\u00f6r lastare inom jordbruk och skogsbruk. CRV60 2-V on\/off har bekv\u00e4m mekanisk 2-spaks mekanik med 2 sektioner av elektrisk styrning.<\/p>\n","protected":false},"featured_media":7278,"comment_status":"closed","ping_status":"closed","template":"","meta":{"_acf_changed":false,"inline_featured_image":false},"product_cat":[219,226],"product_tag":[],"acf":[],"_links":{"self":[{"href":"https:\/\/ftgkallefall.com\/sv\/wp-json\/wp\/v2\/product\/5359"}],"collection":[{"href":"https:\/\/ftgkallefall.com\/sv\/wp-json\/wp\/v2\/product"}],"about":[{"href":"https:\/\/ftgkallefall.com\/sv\/wp-json\/wp\/v2\/types\/product"}],"replies":[{"embeddable":true,"href":"https:\/\/ftgkallefall.com\/sv\/wp-json\/wp\/v2\/comments?post=5359"}],"wp:featuredmedia":[{"embeddable":true,"href":"https:\/\/ftgkallefall.com\/sv\/wp-json\/wp\/v2\/media\/7278"}],"wp:attachment":[{"href":"https:\/\/ftgkallefall.com\/sv\/wp-json\/wp\/v2\/media?parent=5359"}],"wp:term":[{"taxonomy":"product_cat","embeddable":true,"href":"https:\/\/ftgkallefall.com\/sv\/wp-json\/wp\/v2\/product_cat?post=5359"},{"taxonomy":"product_tag","embeddable":true,"href":"https:\/\/ftgkallefall.com\/sv\/wp-json\/wp\/v2\/product_tag?post=5359"}],"curies":[{"name":"wp","href":"https:\/\/api.w.org\/{rel}","templated":true}]}}