{"id":5362,"date":"2023-12-29T11:39:52","date_gmt":"2023-12-29T09:39:52","guid":{"rendered":"https:\/\/ftgkallefall.com\/?post_type=product&#038;p=5362"},"modified":"2025-05-30T09:10:28","modified_gmt":"2025-05-30T07:10:28","slug":"hydraulslangskoppling-pa-kranpelare","status":"publish","type":"product","link":"https:\/\/ftgkallefall.com\/sv\/produkt\/hydraulslangskoppling-pa-kranpelare\/","title":{"rendered":"Hydraulslangskoppling p\u00e5 kranpelare"},"content":{"rendered":"<p>FTG K\u00e4llefall-kranar kan ha en extra anslutning f\u00f6r hydraulslangar installerad p\u00e5 kranpelaren. Denna funktion g\u00f6r det m\u00f6jligt att byta slangar extremt snabbt och enkelt. Mycket tid kan sparas j\u00e4mf\u00f6rt med att ist\u00e4llet byta ut slangar i full l\u00e4ngd.<\/p>\n<ul>\n<li>F\u00f6rkortad servicetid<\/li>\n<li>L\u00e4tt att byta ut skadade\/l\u00e4ckande slangar<\/li>\n<li>Att byta ut en kort slang ist\u00e4llet f\u00f6r en l\u00e5ng kan spara pengar<\/li>\n<\/ul>\n","protected":false},"excerpt":{"rendered":"<p>FTG K\u00e4llefall-kranar kan ha en extra anslutning f\u00f6r hydraulslangar installerad p\u00e5 kranpelaren. Denna funktion g\u00f6r det m\u00f6jligt att byta slangar extremt snabbt och enkelt. Mycket tid kan sparas j\u00e4mf\u00f6rt med att ist\u00e4llet byta ut slangar i full l\u00e4ngd. F\u00f6rkortad servicetid L\u00e4tt att byta ut skadade\/l\u00e4ckande slangar Att byta ut en kort slang ist\u00e4llet f\u00f6r en [&hellip;]<\/p>\n","protected":false},"featured_media":5364,"comment_status":"open","ping_status":"closed","template":"","meta":{"_acf_changed":false,"inline_featured_image":false},"product_cat":[219,221],"product_tag":[],"acf":[],"_links":{"self":[{"href":"https:\/\/ftgkallefall.com\/sv\/wp-json\/wp\/v2\/product\/5362"}],"collection":[{"href":"https:\/\/ftgkallefall.com\/sv\/wp-json\/wp\/v2\/product"}],"about":[{"href":"https:\/\/ftgkallefall.com\/sv\/wp-json\/wp\/v2\/types\/product"}],"replies":[{"embeddable":true,"href":"https:\/\/ftgkallefall.com\/sv\/wp-json\/wp\/v2\/comments?post=5362"}],"wp:featuredmedia":[{"embeddable":true,"href":"https:\/\/ftgkallefall.com\/sv\/wp-json\/wp\/v2\/media\/5364"}],"wp:attachment":[{"href":"https:\/\/ftgkallefall.com\/sv\/wp-json\/wp\/v2\/media?parent=5362"}],"wp:term":[{"taxonomy":"product_cat","embeddable":true,"href":"https:\/\/ftgkallefall.com\/sv\/wp-json\/wp\/v2\/product_cat?post=5362"},{"taxonomy":"product_tag","embeddable":true,"href":"https:\/\/ftgkallefall.com\/sv\/wp-json\/wp\/v2\/product_tag?post=5362"}],"curies":[{"name":"wp","href":"https:\/\/api.w.org\/{rel}","templated":true}]}}