{"id":5366,"date":"2023-12-29T10:49:17","date_gmt":"2023-12-29T08:49:17","guid":{"rendered":"https:\/\/ftgkallefall.com\/?post_type=product&#038;p=5366"},"modified":"2025-05-30T09:12:49","modified_gmt":"2025-05-30T07:12:49","slug":"skyddsplat-for-lyftcylinder","status":"publish","type":"product","link":"https:\/\/ftgkallefall.com\/sv\/produkt\/skyddsplat-for-lyftcylinder\/","title":{"rendered":"Skyddspl\u00e5t f\u00f6r lyftcylinder"},"content":{"rendered":"<p>Skyddspl\u00e5t f\u00f6r lyftcylinder<\/p>\n","protected":false},"excerpt":{"rendered":"<p>Passar kranar FB42L, FB47\/FB51\/FB53T, FB51L\/FB63T, FB69.G2<\/p>\n","protected":false},"featured_media":5374,"comment_status":"open","ping_status":"closed","template":"","meta":{"_acf_changed":false,"inline_featured_image":false},"product_cat":[219,221],"product_tag":[],"acf":[],"_links":{"self":[{"href":"https:\/\/ftgkallefall.com\/sv\/wp-json\/wp\/v2\/product\/5366"}],"collection":[{"href":"https:\/\/ftgkallefall.com\/sv\/wp-json\/wp\/v2\/product"}],"about":[{"href":"https:\/\/ftgkallefall.com\/sv\/wp-json\/wp\/v2\/types\/product"}],"replies":[{"embeddable":true,"href":"https:\/\/ftgkallefall.com\/sv\/wp-json\/wp\/v2\/comments?post=5366"}],"wp:featuredmedia":[{"embeddable":true,"href":"https:\/\/ftgkallefall.com\/sv\/wp-json\/wp\/v2\/media\/5374"}],"wp:attachment":[{"href":"https:\/\/ftgkallefall.com\/sv\/wp-json\/wp\/v2\/media?parent=5366"}],"wp:term":[{"taxonomy":"product_cat","embeddable":true,"href":"https:\/\/ftgkallefall.com\/sv\/wp-json\/wp\/v2\/product_cat?post=5366"},{"taxonomy":"product_tag","embeddable":true,"href":"https:\/\/ftgkallefall.com\/sv\/wp-json\/wp\/v2\/product_tag?post=5366"}],"curies":[{"name":"wp","href":"https:\/\/api.w.org\/{rel}","templated":true}]}}