{"id":5379,"date":"2023-12-29T09:51:31","date_gmt":"2023-12-29T07:51:31","guid":{"rendered":"https:\/\/ftgkallefall.com\/?post_type=product&#038;p=5379"},"modified":"2025-05-30T09:16:58","modified_gmt":"2025-05-30T07:16:58","slug":"arbetsbelysning-le","status":"publish","type":"product","link":"https:\/\/ftgkallefall.com\/sv\/produkt\/arbetsbelysning-le\/","title":{"rendered":"Arbetsbelysning LED"},"content":{"rendered":"<p>Dessa LED-lampor \u00e4r avsedda att monteras p\u00e5 sidorna av kranpelaren. LED-lamporna \u00e4r helt f\u00f6rseglade f\u00f6r att f\u00f6rhindra att fukt och damm tr\u00e4nger in. Den har ett skyddsh\u00f6lje i metall och \u00e4r konstruerad f\u00f6r enkel fasts\u00e4ttning med tre bultar.<\/p>\n<p>De viktigaste egenskaperna f\u00f6r att v\u00e4lja LED-ljus:<\/p>\n<ul>\n<li>LED-ljus varar l\u00e4ngre<\/li>\n<li>LED-ljuset fokuseras direkt d\u00e4r det beh\u00f6vs<\/li>\n<li>LED-belysning ackumulerar mer ljus &#8211; s\u00e5 det ger b\u00e4ttre synlighet<\/li>\n<\/ul>\n<p>LED-tekniken har globalt erk\u00e4nts som extremt ren och milj\u00f6v\u00e4nlig.<\/p>\n","protected":false},"excerpt":{"rendered":"<p>Dessa LED-lampor \u00e4r avsedda att monteras p\u00e5 sidorna av kranpelaren. LED-lamporna \u00e4r helt f\u00f6rseglade f\u00f6r att f\u00f6rhindra att fukt och damm tr\u00e4nger in. Den har ett skyddsh\u00f6lje i metall och \u00e4r konstruerad f\u00f6r enkel fasts\u00e4ttning med tre bultar. De viktigaste egenskaperna f\u00f6r att v\u00e4lja LED-ljus: LED-ljus varar l\u00e4ngre LED-ljuset fokuseras direkt d\u00e4r det beh\u00f6vs LED-belysning [&hellip;]<\/p>\n","protected":false},"featured_media":5382,"comment_status":"closed","ping_status":"closed","template":"","meta":{"_acf_changed":false,"inline_featured_image":false},"product_cat":[219,221],"product_tag":[],"acf":[],"_links":{"self":[{"href":"https:\/\/ftgkallefall.com\/sv\/wp-json\/wp\/v2\/product\/5379"}],"collection":[{"href":"https:\/\/ftgkallefall.com\/sv\/wp-json\/wp\/v2\/product"}],"about":[{"href":"https:\/\/ftgkallefall.com\/sv\/wp-json\/wp\/v2\/types\/product"}],"replies":[{"embeddable":true,"href":"https:\/\/ftgkallefall.com\/sv\/wp-json\/wp\/v2\/comments?post=5379"}],"wp:featuredmedia":[{"embeddable":true,"href":"https:\/\/ftgkallefall.com\/sv\/wp-json\/wp\/v2\/media\/5382"}],"wp:attachment":[{"href":"https:\/\/ftgkallefall.com\/sv\/wp-json\/wp\/v2\/media?parent=5379"}],"wp:term":[{"taxonomy":"product_cat","embeddable":true,"href":"https:\/\/ftgkallefall.com\/sv\/wp-json\/wp\/v2\/product_cat?post=5379"},{"taxonomy":"product_tag","embeddable":true,"href":"https:\/\/ftgkallefall.com\/sv\/wp-json\/wp\/v2\/product_tag?post=5379"}],"curies":[{"name":"wp","href":"https:\/\/api.w.org\/{rel}","templated":true}]}}