{"id":5387,"date":"2023-12-29T07:45:26","date_gmt":"2023-12-29T05:45:26","guid":{"rendered":"https:\/\/ftgkallefall.com\/?post_type=product&#038;p=5387"},"modified":"2025-05-30T09:19:33","modified_gmt":"2025-05-30T07:19:33","slug":"vinsch-fb800","status":"publish","type":"product","link":"https:\/\/ftgkallefall.com\/sv\/produkt\/vinsch-fb800\/","title":{"rendered":"VInsch FB800"},"content":{"rendered":"<p>FTG K\u00e4llefalls kranmonterade vinsch FB800 med fj\u00e4rrkontroll \u00e4r konstruerad f\u00f6r att samla in enstaka stockar fr\u00e5n skogen eller andra sv\u00e5r\u00e5tkomliga platser. Den robusta konstruktionen garanterar l\u00e5ng livsl\u00e4ngd och bekv\u00e4m anv\u00e4ndning. Vinschen har en l\u00e4tt och kompakt design. Den har en dragkraft p\u00e5 800 kp och kan anv\u00e4ndas i de flesta skogsapplikationer.<\/p>\n<ul>\n<li>L\u00e4tt att installera<\/li>\n<li>Finns med elektrohydraulisk styrning och fj\u00e4rrkontroll<\/li>\n<li>Bekv\u00e4mt verktyg f\u00f6r insamling av enstaka stockar<\/li>\n<\/ul>\n","protected":false},"excerpt":{"rendered":"<p>With remote control kit<\/p>\n","protected":false},"featured_media":5389,"comment_status":"open","ping_status":"closed","template":"","meta":{"_acf_changed":false,"inline_featured_image":false},"product_cat":[219,228],"product_tag":[],"acf":[],"_links":{"self":[{"href":"https:\/\/ftgkallefall.com\/sv\/wp-json\/wp\/v2\/product\/5387"}],"collection":[{"href":"https:\/\/ftgkallefall.com\/sv\/wp-json\/wp\/v2\/product"}],"about":[{"href":"https:\/\/ftgkallefall.com\/sv\/wp-json\/wp\/v2\/types\/product"}],"replies":[{"embeddable":true,"href":"https:\/\/ftgkallefall.com\/sv\/wp-json\/wp\/v2\/comments?post=5387"}],"wp:featuredmedia":[{"embeddable":true,"href":"https:\/\/ftgkallefall.com\/sv\/wp-json\/wp\/v2\/media\/5389"}],"wp:attachment":[{"href":"https:\/\/ftgkallefall.com\/sv\/wp-json\/wp\/v2\/media?parent=5387"}],"wp:term":[{"taxonomy":"product_cat","embeddable":true,"href":"https:\/\/ftgkallefall.com\/sv\/wp-json\/wp\/v2\/product_cat?post=5387"},{"taxonomy":"product_tag","embeddable":true,"href":"https:\/\/ftgkallefall.com\/sv\/wp-json\/wp\/v2\/product_tag?post=5387"}],"curies":[{"name":"wp","href":"https:\/\/api.w.org\/{rel}","templated":true}]}}