{"id":5390,"date":"2023-12-29T10:31:54","date_gmt":"2023-12-29T08:31:54","guid":{"rendered":"https:\/\/ftgkallefall.com\/?post_type=product&#038;p=5390"},"modified":"2025-05-30T09:22:57","modified_gmt":"2025-05-30T07:22:57","slug":"motorsagshallare","status":"publish","type":"product","link":"https:\/\/ftgkallefall.com\/sv\/produkt\/motorsagshallare\/","title":{"rendered":"Motors\u00e5gsh\u00e5llare"},"content":{"rendered":"<p>Universell motors\u00e5gsh\u00e5llare som passar n\u00e4stan alla motors\u00e5gsmodeller. S\u00e5gh\u00e5llarna \u00e4r enkla att montera och demontera och h\u00e5ller s\u00e5gen tryggt och s\u00e4kert p\u00e5 plats n\u00e4r du k\u00f6r i tuff terr\u00e4ng.<\/p>\n<p>Tillbeh\u00f6ret kan monteras p\u00e5 alla FTG K\u00e4llefalls huggarvagnar och kranar.<\/p>\n<p>Det \u00e4r ett praktiskt alternativ om du vill ha din egen motors\u00e5g n\u00e4ra till hands och effektivt kunna anv\u00e4nda den i skogen.<\/p>\n<ul>\n<li>Universell design som passar n\u00e4stan alla motors\u00e5gsmodeller<\/li>\n<li>H\u00e5llbart svart pulverlackerat metallf\u00e4ste och solid plaststruktur<\/li>\n<li>Monteringsf\u00e4sten ing\u00e5r<\/li>\n<li>L\u00e4tt att installera<\/li>\n<li>Passar alla FTG K\u00e4llefall-kranmodeller<\/li>\n<\/ul>\n","protected":false},"excerpt":{"rendered":"<p>Universell motors\u00e5gsh\u00e5llare som passar n\u00e4stan alla motors\u00e5gsmodeller. S\u00e5gh\u00e5llarna \u00e4r enkla att montera och demontera och h\u00e5ller s\u00e5gen tryggt och s\u00e4kert p\u00e5 plats n\u00e4r du k\u00f6r i tuff terr\u00e4ng. Tillbeh\u00f6ret kan monteras p\u00e5 alla FTG K\u00e4llefalls huggarvagnar och kranar. Det \u00e4r ett praktiskt alternativ om du vill ha din egen motors\u00e5g n\u00e4ra till hands och effektivt [&hellip;]<\/p>\n","protected":false},"featured_media":7756,"comment_status":"closed","ping_status":"closed","template":"","meta":{"_acf_changed":false,"inline_featured_image":false},"product_cat":[219,225],"product_tag":[],"acf":[],"_links":{"self":[{"href":"https:\/\/ftgkallefall.com\/sv\/wp-json\/wp\/v2\/product\/5390"}],"collection":[{"href":"https:\/\/ftgkallefall.com\/sv\/wp-json\/wp\/v2\/product"}],"about":[{"href":"https:\/\/ftgkallefall.com\/sv\/wp-json\/wp\/v2\/types\/product"}],"replies":[{"embeddable":true,"href":"https:\/\/ftgkallefall.com\/sv\/wp-json\/wp\/v2\/comments?post=5390"}],"wp:featuredmedia":[{"embeddable":true,"href":"https:\/\/ftgkallefall.com\/sv\/wp-json\/wp\/v2\/media\/7756"}],"wp:attachment":[{"href":"https:\/\/ftgkallefall.com\/sv\/wp-json\/wp\/v2\/media?parent=5390"}],"wp:term":[{"taxonomy":"product_cat","embeddable":true,"href":"https:\/\/ftgkallefall.com\/sv\/wp-json\/wp\/v2\/product_cat?post=5390"},{"taxonomy":"product_tag","embeddable":true,"href":"https:\/\/ftgkallefall.com\/sv\/wp-json\/wp\/v2\/product_tag?post=5390"}],"curies":[{"name":"wp","href":"https:\/\/api.w.org\/{rel}","templated":true}]}}