{"id":5393,"date":"2023-12-29T08:04:29","date_gmt":"2023-12-29T06:04:29","guid":{"rendered":"https:\/\/ftgkallefall.com\/?post_type=product&#038;p=5393"},"modified":"2025-05-30T09:26:23","modified_gmt":"2025-05-30T07:26:23","slug":"vinsch-1410kpl","status":"publish","type":"product","link":"https:\/\/ftgkallefall.com\/sv\/produkt\/vinsch-1410kpl\/","title":{"rendered":"Vinsch 1410KPL"},"content":{"rendered":"<p>FTG K\u00e4llefall kranmonterad vinsch 1410KPL med fj\u00e4rrkontrollsats \u00e4r konstruerad f\u00f6r att samla in enstaka stockar fr\u00e5n skogen eller andra sv\u00e5r\u00e5tkomliga platser. Den robusta konstruktionen garanterar l\u00e5ng livsl\u00e4ngd och bekv\u00e4m anv\u00e4ndning. Vinschen har en l\u00e4tt och kompakt design. Den har en dragkraft p\u00e5 1400kp och kan anv\u00e4ndas i de flesta skogstill\u00e4mpningar.<\/p>\n<ul>\n<li>L\u00e4tt att installera<\/li>\n<li>Finns med EHC-styrning och fj\u00e4rrkontroll<\/li>\n<li>Bekv\u00e4mt verktyg f\u00f6r insamling av enstaka stockar<\/li>\n<li>F\u00f6r montering p\u00e5 kranbom<\/li>\n<\/ul>\n","protected":false},"excerpt":{"rendered":"<p>With remote control kit<\/p>\n","protected":false},"featured_media":5395,"comment_status":"open","ping_status":"closed","template":"","meta":{"_acf_changed":false,"inline_featured_image":false},"product_cat":[219,228],"product_tag":[],"acf":[],"_links":{"self":[{"href":"https:\/\/ftgkallefall.com\/sv\/wp-json\/wp\/v2\/product\/5393"}],"collection":[{"href":"https:\/\/ftgkallefall.com\/sv\/wp-json\/wp\/v2\/product"}],"about":[{"href":"https:\/\/ftgkallefall.com\/sv\/wp-json\/wp\/v2\/types\/product"}],"replies":[{"embeddable":true,"href":"https:\/\/ftgkallefall.com\/sv\/wp-json\/wp\/v2\/comments?post=5393"}],"wp:featuredmedia":[{"embeddable":true,"href":"https:\/\/ftgkallefall.com\/sv\/wp-json\/wp\/v2\/media\/5395"}],"wp:attachment":[{"href":"https:\/\/ftgkallefall.com\/sv\/wp-json\/wp\/v2\/media?parent=5393"}],"wp:term":[{"taxonomy":"product_cat","embeddable":true,"href":"https:\/\/ftgkallefall.com\/sv\/wp-json\/wp\/v2\/product_cat?post=5393"},{"taxonomy":"product_tag","embeddable":true,"href":"https:\/\/ftgkallefall.com\/sv\/wp-json\/wp\/v2\/product_tag?post=5393"}],"curies":[{"name":"wp","href":"https:\/\/api.w.org\/{rel}","templated":true}]}}