{"id":5396,"date":"2024-06-26T20:41:55","date_gmt":"2024-06-26T18:41:55","guid":{"rendered":"https:\/\/ftgkallefall.com\/?post_type=product&#038;p=5396"},"modified":"2025-05-30T09:29:54","modified_gmt":"2025-05-30T07:29:54","slug":"3-punktstativ-kat-i","status":"publish","type":"product","link":"https:\/\/ftgkallefall.com\/sv\/produkt\/3-punktstativ-kat-i\/","title":{"rendered":"3-punktstativ kat. I"},"content":{"rendered":"<p>Denna l\u00f6sning \u00e4r mycket bekv\u00e4m f\u00f6r traktoranv\u00e4ndare som beh\u00f6ver flexibilitet och snabbhet vid byte av olika traktorredskap.<\/p>\n<p>Den uppfyller ISO+370-1:1994-standarden och har teleskopiska hydrauliska st\u00f6d f\u00f6r tillf\u00f6rlitlig stabilisering. Motsvarar tillkopplingsutrustningens storlekskategori I-II.<\/p>\n<ul>\n<li>F\u00f6r fullst\u00e4ndig balans och stabilitet \u00e4r teleskopiska st\u00f6dben (st\u00f6dben) monterade<\/li>\n<li>Om traktorns oljefl\u00f6de \u00e4r otillr\u00e4ckligt f\u00f6r \u00f6nskad kranhastighet vid tomg\u00e5ngs-PTO-varvtal kan ett separat hydraulsystem monteras<\/li>\n<li>V\u00e4l skyddade slangar f\u00f6r l\u00e5ngvarig och skadefri drift<\/li>\n<\/ul>\n","protected":false},"excerpt":{"rendered":"<p>Denna l\u00f6sning \u00e4r mycket bekv\u00e4m f\u00f6r traktoranv\u00e4ndare som beh\u00f6ver flexibilitet och snabbhet vid byte av olika traktorredskap. Den uppfyller ISO+370-1:1994-standarden och har teleskopiska hydrauliska st\u00f6d f\u00f6r tillf\u00f6rlitlig stabilisering. Motsvarar tillkopplingsutrustningens storlekskategori I-II. F\u00f6r fullst\u00e4ndig balans och stabilitet \u00e4r teleskopiska st\u00f6dben (st\u00f6dben) monterade Om traktorns oljefl\u00f6de \u00e4r otillr\u00e4ckligt f\u00f6r \u00f6nskad kranhastighet vid tomg\u00e5ngs-PTO-varvtal kan ett separat [&hellip;]<\/p>\n","protected":false},"featured_media":5397,"comment_status":"open","ping_status":"closed","template":"","meta":{"_acf_changed":false,"inline_featured_image":false},"product_cat":[219,220],"product_tag":[],"acf":[],"_links":{"self":[{"href":"https:\/\/ftgkallefall.com\/sv\/wp-json\/wp\/v2\/product\/5396"}],"collection":[{"href":"https:\/\/ftgkallefall.com\/sv\/wp-json\/wp\/v2\/product"}],"about":[{"href":"https:\/\/ftgkallefall.com\/sv\/wp-json\/wp\/v2\/types\/product"}],"replies":[{"embeddable":true,"href":"https:\/\/ftgkallefall.com\/sv\/wp-json\/wp\/v2\/comments?post=5396"}],"wp:featuredmedia":[{"embeddable":true,"href":"https:\/\/ftgkallefall.com\/sv\/wp-json\/wp\/v2\/media\/5397"}],"wp:attachment":[{"href":"https:\/\/ftgkallefall.com\/sv\/wp-json\/wp\/v2\/media?parent=5396"}],"wp:term":[{"taxonomy":"product_cat","embeddable":true,"href":"https:\/\/ftgkallefall.com\/sv\/wp-json\/wp\/v2\/product_cat?post=5396"},{"taxonomy":"product_tag","embeddable":true,"href":"https:\/\/ftgkallefall.com\/sv\/wp-json\/wp\/v2\/product_tag?post=5396"}],"curies":[{"name":"wp","href":"https:\/\/api.w.org\/{rel}","templated":true}]}}