{"id":5401,"date":"2024-01-02T15:01:35","date_gmt":"2024-01-02T13:01:35","guid":{"rendered":"https:\/\/ftgkallefall.com\/?post_type=product&#038;p=5401"},"modified":"2025-05-30T09:46:20","modified_gmt":"2025-05-30T07:46:20","slug":"separat-hydraulsystem-for-3-punktstativ-kat-i","status":"publish","type":"product","link":"https:\/\/ftgkallefall.com\/sv\/produkt\/separat-hydraulsystem-for-3-punktstativ-kat-i\/","title":{"rendered":"Separat hydraulsystem f\u00f6r 3-punktstativ kat. I"},"content":{"rendered":"<p>Ett separat hydraulsystem anv\u00e4nds n\u00e4r traktorns oljefl\u00f6de \u00e4r otillr\u00e4ckligt f\u00f6r \u00f6nskad kranhastighet vid tomg\u00e5ngsvarvtal p\u00e5 kraftuttaget.<\/p>\n<ul>\n<li>Oljetanken \u00e4r konstruerad f\u00f6r att passa perfekt till 3-punktsredskap I-II cat.<\/li>\n<li>Pump tillg\u00e4nglig f\u00f6r montering p\u00e5 dragst\u00e5ng eller direkt p\u00e5 traktorns kraftuttag<\/li>\n<li>Systemets kapacitet s\u00e4kerst\u00e4ller att kranen kan k\u00f6ras med avsedd prestanda<\/li>\n<\/ul>\n<p>Satsen inneh\u00e5ller hydraulpump med v\u00e4xell\u00e5da, adapterplatta (f\u00f6r anslutning till kraftuttag) eller monteringsfl\u00e4ns (f\u00f6r anslutning till drivaxel), oljetank med returledningsfilter och manometer, oljeniv\u00e5- och temperaturm\u00e4tare samt hydraulslangar.<\/p>\n","protected":false},"excerpt":{"rendered":"<p>Ett separat hydraulsystem anv\u00e4nds n\u00e4r traktorns oljefl\u00f6de \u00e4r otillr\u00e4ckligt f\u00f6r \u00f6nskad kranhastighet vid tomg\u00e5ngsvarvtal p\u00e5 kraftuttaget. Oljetanken \u00e4r konstruerad f\u00f6r att passa perfekt till 3-punktsredskap I-II cat. Pump tillg\u00e4nglig f\u00f6r montering p\u00e5 dragst\u00e5ng eller direkt p\u00e5 traktorns kraftuttag Systemets kapacitet s\u00e4kerst\u00e4ller att kranen kan k\u00f6ras med avsedd prestanda Satsen inneh\u00e5ller hydraulpump med v\u00e4xell\u00e5da, adapterplatta (f\u00f6r [&hellip;]<\/p>\n","protected":false},"featured_media":5403,"comment_status":"open","ping_status":"closed","template":"","meta":{"_acf_changed":false,"inline_featured_image":false},"product_cat":[219,223],"product_tag":[],"acf":[],"_links":{"self":[{"href":"https:\/\/ftgkallefall.com\/sv\/wp-json\/wp\/v2\/product\/5401"}],"collection":[{"href":"https:\/\/ftgkallefall.com\/sv\/wp-json\/wp\/v2\/product"}],"about":[{"href":"https:\/\/ftgkallefall.com\/sv\/wp-json\/wp\/v2\/types\/product"}],"replies":[{"embeddable":true,"href":"https:\/\/ftgkallefall.com\/sv\/wp-json\/wp\/v2\/comments?post=5401"}],"wp:featuredmedia":[{"embeddable":true,"href":"https:\/\/ftgkallefall.com\/sv\/wp-json\/wp\/v2\/media\/5403"}],"wp:attachment":[{"href":"https:\/\/ftgkallefall.com\/sv\/wp-json\/wp\/v2\/media?parent=5401"}],"wp:term":[{"taxonomy":"product_cat","embeddable":true,"href":"https:\/\/ftgkallefall.com\/sv\/wp-json\/wp\/v2\/product_cat?post=5401"},{"taxonomy":"product_tag","embeddable":true,"href":"https:\/\/ftgkallefall.com\/sv\/wp-json\/wp\/v2\/product_tag?post=5401"}],"curies":[{"name":"wp","href":"https:\/\/api.w.org\/{rel}","templated":true}]}}