{"id":5411,"date":"2023-12-20T13:31:55","date_gmt":"2023-12-20T11:31:55","guid":{"rendered":"https:\/\/ftgkallefall.com\/?post_type=product&#038;p=5411"},"modified":"2025-05-30T10:19:05","modified_gmt":"2025-05-30T08:19:05","slug":"risgrip-fb210s","status":"publish","type":"product","link":"https:\/\/ftgkallefall.com\/sv\/produkt\/risgrip-fb210s\/","title":{"rendered":"Risgrip FB210S"},"content":{"rendered":"<p>FB210S-gripen \u00e4r v\u00e5rt st\u00f6rsta grip f\u00f6r att ta hand om buskar och grenar. K\u00e4ftarna \u00e4r robusta f\u00f6r att g\u00f6ra arbetet snabbt och enkelt.<\/p>\n<p>Armar med bred \u00f6ppning och en hydraulcylinder ger h\u00f6g gripkraft och snabba cykeltider som maximerar lastningsprestandan.<\/p>\n<p>Gripens ram och k\u00e4ftar \u00e4r tillverkade av h\u00f6gh\u00e5llfast st\u00e5l, vilket ger h\u00f6g tillf\u00f6rlitlighet och enkel drift.<\/p>\n<p>(Beh\u00f6ver adapter FBPBA2195 eller FBPBA2196, passar 3t eller 4t rotator.) Passar kran FB69T.G2<\/p>\n","protected":false},"excerpt":{"rendered":"<p>Max \u00f6ppning 1310 mm, Griparea 0,21 m<sup>2<\/sup><\/p>\n","protected":false},"featured_media":7167,"comment_status":"closed","ping_status":"closed","template":"","meta":{"_acf_changed":false,"inline_featured_image":false},"product_cat":[219,222],"product_tag":[],"acf":[],"_links":{"self":[{"href":"https:\/\/ftgkallefall.com\/sv\/wp-json\/wp\/v2\/product\/5411"}],"collection":[{"href":"https:\/\/ftgkallefall.com\/sv\/wp-json\/wp\/v2\/product"}],"about":[{"href":"https:\/\/ftgkallefall.com\/sv\/wp-json\/wp\/v2\/types\/product"}],"replies":[{"embeddable":true,"href":"https:\/\/ftgkallefall.com\/sv\/wp-json\/wp\/v2\/comments?post=5411"}],"wp:featuredmedia":[{"embeddable":true,"href":"https:\/\/ftgkallefall.com\/sv\/wp-json\/wp\/v2\/media\/7167"}],"wp:attachment":[{"href":"https:\/\/ftgkallefall.com\/sv\/wp-json\/wp\/v2\/media?parent=5411"}],"wp:term":[{"taxonomy":"product_cat","embeddable":true,"href":"https:\/\/ftgkallefall.com\/sv\/wp-json\/wp\/v2\/product_cat?post=5411"},{"taxonomy":"product_tag","embeddable":true,"href":"https:\/\/ftgkallefall.com\/sv\/wp-json\/wp\/v2\/product_tag?post=5411"}],"curies":[{"name":"wp","href":"https:\/\/api.w.org\/{rel}","templated":true}]}}