{"id":5415,"date":"2023-12-20T12:44:50","date_gmt":"2023-12-20T10:44:50","guid":{"rendered":"https:\/\/ftgkallefall.com\/?post_type=product&#038;p=5415"},"modified":"2025-05-30T14:52:40","modified_gmt":"2025-05-30T12:52:40","slug":"grip-fb120","status":"publish","type":"product","link":"https:\/\/ftgkallefall.com\/sv\/produkt\/grip-fb120\/","title":{"rendered":"Virkesgrip FB120"},"content":{"rendered":"<p>Grip FB120 \u00e4r tillverkad av h\u00f6gkvalitativa material f\u00f6r att s\u00e4kerst\u00e4lla h\u00e5llbarhet och tillf\u00f6rlitlighet som du kan lita p\u00e5.<\/p>\n<p>Grip FB120 passar perfekt till kranar: FB42L och FB51.<\/p>\n<div class=\"addthis_inline_share_toolbox\"><\/div>\n","protected":false},"excerpt":{"rendered":"<p>Max opening 760 mm, Gripping area 0.12 m2<\/p>\n","protected":false},"featured_media":6913,"comment_status":"closed","ping_status":"closed","template":"","meta":{"_acf_changed":false,"inline_featured_image":false},"product_cat":[219,222],"product_tag":[],"acf":[],"_links":{"self":[{"href":"https:\/\/ftgkallefall.com\/sv\/wp-json\/wp\/v2\/product\/5415"}],"collection":[{"href":"https:\/\/ftgkallefall.com\/sv\/wp-json\/wp\/v2\/product"}],"about":[{"href":"https:\/\/ftgkallefall.com\/sv\/wp-json\/wp\/v2\/types\/product"}],"replies":[{"embeddable":true,"href":"https:\/\/ftgkallefall.com\/sv\/wp-json\/wp\/v2\/comments?post=5415"}],"wp:featuredmedia":[{"embeddable":true,"href":"https:\/\/ftgkallefall.com\/sv\/wp-json\/wp\/v2\/media\/6913"}],"wp:attachment":[{"href":"https:\/\/ftgkallefall.com\/sv\/wp-json\/wp\/v2\/media?parent=5415"}],"wp:term":[{"taxonomy":"product_cat","embeddable":true,"href":"https:\/\/ftgkallefall.com\/sv\/wp-json\/wp\/v2\/product_cat?post=5415"},{"taxonomy":"product_tag","embeddable":true,"href":"https:\/\/ftgkallefall.com\/sv\/wp-json\/wp\/v2\/product_tag?post=5415"}],"curies":[{"name":"wp","href":"https:\/\/api.w.org\/{rel}","templated":true}]}}