{"id":5418,"date":"2023-12-20T12:47:39","date_gmt":"2023-12-20T10:47:39","guid":{"rendered":"https:\/\/ftgkallefall.com\/?post_type=product&#038;p=5418"},"modified":"2025-05-30T10:31:53","modified_gmt":"2025-05-30T08:31:53","slug":"risgrip-fb160s","status":"publish","type":"product","link":"https:\/\/ftgkallefall.com\/sv\/produkt\/risgrip-fb160s\/","title":{"rendered":"Risgrip FB160S"},"content":{"rendered":"<p>FB160S \u00e4r fr\u00e4mst utformad f\u00f6r att ta hand om buskar och grenar . K\u00e4ftarna \u00e4r robusta och m\u00e5ngsidiga f\u00f6r att g\u00f6ra arbetet snabbt och enkelt.<\/p>\n<p>L\u00e4tt men stark konstruktion var en av de viktigaste aspekterna vid utformningen av gripen.<\/p>\n<p>Passar 3t eller 4t rotator. Passar kranar FB51, FB51L, FB53T, FB63T, FB69T.G2<\/p>\n","protected":false},"excerpt":{"rendered":"<p>Max opening 1020 mm, Gripping area 0.16 m2<\/p>\n","protected":false},"featured_media":7132,"comment_status":"closed","ping_status":"closed","template":"","meta":{"_acf_changed":false,"inline_featured_image":false},"product_cat":[219,222],"product_tag":[],"acf":[],"_links":{"self":[{"href":"https:\/\/ftgkallefall.com\/sv\/wp-json\/wp\/v2\/product\/5418"}],"collection":[{"href":"https:\/\/ftgkallefall.com\/sv\/wp-json\/wp\/v2\/product"}],"about":[{"href":"https:\/\/ftgkallefall.com\/sv\/wp-json\/wp\/v2\/types\/product"}],"replies":[{"embeddable":true,"href":"https:\/\/ftgkallefall.com\/sv\/wp-json\/wp\/v2\/comments?post=5418"}],"wp:featuredmedia":[{"embeddable":true,"href":"https:\/\/ftgkallefall.com\/sv\/wp-json\/wp\/v2\/media\/7132"}],"wp:attachment":[{"href":"https:\/\/ftgkallefall.com\/sv\/wp-json\/wp\/v2\/media?parent=5418"}],"wp:term":[{"taxonomy":"product_cat","embeddable":true,"href":"https:\/\/ftgkallefall.com\/sv\/wp-json\/wp\/v2\/product_cat?post=5418"},{"taxonomy":"product_tag","embeddable":true,"href":"https:\/\/ftgkallefall.com\/sv\/wp-json\/wp\/v2\/product_tag?post=5418"}],"curies":[{"name":"wp","href":"https:\/\/api.w.org\/{rel}","templated":true}]}}