{"id":5426,"date":"2023-12-20T13:37:39","date_gmt":"2023-12-20T11:37:39","guid":{"rendered":"https:\/\/ftgkallefall.com\/?post_type=product&#038;p=5426"},"modified":"2025-05-30T14:21:23","modified_gmt":"2025-05-30T12:21:23","slug":"gripskopa-fb120v","status":"publish","type":"product","link":"https:\/\/ftgkallefall.com\/sv\/produkt\/gripskopa-fb120v\/","title":{"rendered":"Gripskopa FB120V"},"content":{"rendered":"<p>Gripskopan FB120V \u00e4r av clamshell-typ.<\/p>\n<p>Gripens ram och armar \u00e4r tillverkade av h\u00f6gh\u00e5llfast st\u00e5l, vilket ger h\u00f6g tillf\u00f6rlitlighet och enkel drift.<\/p>\n<p>De bultmonterade gr\u00e4vt\u00e4nderna kan enkelt bytas ut vid behov.<\/p>\n<p>(Beh\u00f6ver adapter FBPBA2195 eller FBPBA2196, passar 3t eller 4t rotator)<\/p>\n","protected":false},"excerpt":{"rendered":"<p>Volym 120 L<\/p>\n","protected":false},"featured_media":7028,"comment_status":"closed","ping_status":"closed","template":"","meta":{"_acf_changed":false,"inline_featured_image":false},"product_cat":[219,222],"product_tag":[],"acf":[],"_links":{"self":[{"href":"https:\/\/ftgkallefall.com\/sv\/wp-json\/wp\/v2\/product\/5426"}],"collection":[{"href":"https:\/\/ftgkallefall.com\/sv\/wp-json\/wp\/v2\/product"}],"about":[{"href":"https:\/\/ftgkallefall.com\/sv\/wp-json\/wp\/v2\/types\/product"}],"replies":[{"embeddable":true,"href":"https:\/\/ftgkallefall.com\/sv\/wp-json\/wp\/v2\/comments?post=5426"}],"wp:featuredmedia":[{"embeddable":true,"href":"https:\/\/ftgkallefall.com\/sv\/wp-json\/wp\/v2\/media\/7028"}],"wp:attachment":[{"href":"https:\/\/ftgkallefall.com\/sv\/wp-json\/wp\/v2\/media?parent=5426"}],"wp:term":[{"taxonomy":"product_cat","embeddable":true,"href":"https:\/\/ftgkallefall.com\/sv\/wp-json\/wp\/v2\/product_cat?post=5426"},{"taxonomy":"product_tag","embeddable":true,"href":"https:\/\/ftgkallefall.com\/sv\/wp-json\/wp\/v2\/product_tag?post=5426"}],"curies":[{"name":"wp","href":"https:\/\/api.w.org\/{rel}","templated":true}]}}