{"id":5429,"date":"2023-12-20T12:46:18","date_gmt":"2023-12-20T10:46:18","guid":{"rendered":"https:\/\/ftgkallefall.com\/?post_type=product&#038;p=5429"},"modified":"2025-05-30T14:31:49","modified_gmt":"2025-05-30T12:31:49","slug":"virkesgrip-fb160","status":"publish","type":"product","link":"https:\/\/ftgkallefall.com\/sv\/produkt\/virkesgrip-fb160\/","title":{"rendered":"Virkesgrip FB160"},"content":{"rendered":"<p>Virkesgrip FB160 \u00a0utvecklad f\u00f6r hanter\u00e4ring av ved, massaved och l\u00e4ttare timmer.<\/p>\n<p>Gripens ram och armar \u00e4r tillverkade av h\u00f6gh\u00e5llfast st\u00e5l, vilket ger h\u00f6g tillf\u00f6rlitlighet och enkel anv\u00e4ndning. L\u00e4tt men stark konstruktion var en av de viktigaste aspekterna vid konstruktionen av gripen.<\/p>\n<p>\u00d849mm (f\u00f6r 3t rotator), passar kranar FB51, FB51L, FB53T, FB63T, FB69T.G2<\/p>\n","protected":false},"excerpt":{"rendered":"<p>Max opening 1010 mm, Gripping area 0.16 m2<\/p>\n","protected":false},"featured_media":7122,"comment_status":"closed","ping_status":"closed","template":"","meta":{"_acf_changed":false,"inline_featured_image":false},"product_cat":[219,222],"product_tag":[],"acf":[],"_links":{"self":[{"href":"https:\/\/ftgkallefall.com\/sv\/wp-json\/wp\/v2\/product\/5429"}],"collection":[{"href":"https:\/\/ftgkallefall.com\/sv\/wp-json\/wp\/v2\/product"}],"about":[{"href":"https:\/\/ftgkallefall.com\/sv\/wp-json\/wp\/v2\/types\/product"}],"replies":[{"embeddable":true,"href":"https:\/\/ftgkallefall.com\/sv\/wp-json\/wp\/v2\/comments?post=5429"}],"wp:featuredmedia":[{"embeddable":true,"href":"https:\/\/ftgkallefall.com\/sv\/wp-json\/wp\/v2\/media\/7122"}],"wp:attachment":[{"href":"https:\/\/ftgkallefall.com\/sv\/wp-json\/wp\/v2\/media?parent=5429"}],"wp:term":[{"taxonomy":"product_cat","embeddable":true,"href":"https:\/\/ftgkallefall.com\/sv\/wp-json\/wp\/v2\/product_cat?post=5429"},{"taxonomy":"product_tag","embeddable":true,"href":"https:\/\/ftgkallefall.com\/sv\/wp-json\/wp\/v2\/product_tag?post=5429"}],"curies":[{"name":"wp","href":"https:\/\/api.w.org\/{rel}","templated":true}]}}