{"id":5432,"date":"2023-12-20T13:35:52","date_gmt":"2023-12-20T11:35:52","guid":{"rendered":"https:\/\/ftgkallefall.com\/?post_type=product&#038;p=5432"},"modified":"2025-05-30T14:40:16","modified_gmt":"2025-05-30T12:40:16","slug":"gripskpa-kg180","status":"publish","type":"product","link":"https:\/\/ftgkallefall.com\/sv\/produkt\/gripskpa-kg180\/","title":{"rendered":"Gripskopa KG180"},"content":{"rendered":"<p>Skopgripen KG180 \u00e4r en mycket tillf\u00f6rlitlig skopa f\u00f6r bulkmaterial som har precisionsutvecklats f\u00f6r maximal lastning och lossning. Den l\u00e4tta och ultrastarka konstruktionen \u00e4r det b\u00e4sta valet f\u00f6r att arbeta effektivt.<\/p>\n<p>Med den h\u00e4r gripen kan skopan hantera bulkmaterial av olika slag. Skopvolymen \u00e4r 110 l och huvudstrukturen \u00e4r utformad f\u00f6r att h\u00e5lla bulkmaterialet mycket t\u00e4tt.<\/p>\n<p>Kopplingsh\u00e5l \u00d849 mm (passar 3 t rotator).<\/p>\n<p>Passar kranar FB51L, FB63T, FB69T.G2<\/p>\n","protected":false},"excerpt":{"rendered":"<p>Volym 110 L, bredd 700 mm<\/p>\n","protected":false},"featured_media":6958,"comment_status":"closed","ping_status":"closed","template":"","meta":{"_acf_changed":false,"inline_featured_image":false},"product_cat":[219,222],"product_tag":[],"acf":[],"_links":{"self":[{"href":"https:\/\/ftgkallefall.com\/sv\/wp-json\/wp\/v2\/product\/5432"}],"collection":[{"href":"https:\/\/ftgkallefall.com\/sv\/wp-json\/wp\/v2\/product"}],"about":[{"href":"https:\/\/ftgkallefall.com\/sv\/wp-json\/wp\/v2\/types\/product"}],"replies":[{"embeddable":true,"href":"https:\/\/ftgkallefall.com\/sv\/wp-json\/wp\/v2\/comments?post=5432"}],"wp:featuredmedia":[{"embeddable":true,"href":"https:\/\/ftgkallefall.com\/sv\/wp-json\/wp\/v2\/media\/6958"}],"wp:attachment":[{"href":"https:\/\/ftgkallefall.com\/sv\/wp-json\/wp\/v2\/media?parent=5432"}],"wp:term":[{"taxonomy":"product_cat","embeddable":true,"href":"https:\/\/ftgkallefall.com\/sv\/wp-json\/wp\/v2\/product_cat?post=5432"},{"taxonomy":"product_tag","embeddable":true,"href":"https:\/\/ftgkallefall.com\/sv\/wp-json\/wp\/v2\/product_tag?post=5432"}],"curies":[{"name":"wp","href":"https:\/\/api.w.org\/{rel}","templated":true}]}}