{"id":5436,"date":"2023-12-20T13:02:37","date_gmt":"2023-12-20T11:02:37","guid":{"rendered":"https:\/\/ftgkallefall.com\/?post_type=product&#038;p=5436"},"modified":"2025-05-30T14:52:09","modified_gmt":"2025-05-30T12:52:09","slug":"virkesgrip-fb190","status":"publish","type":"product","link":"https:\/\/ftgkallefall.com\/sv\/produkt\/virkesgrip-fb190\/","title":{"rendered":"Virkesgrip FB190"},"content":{"rendered":"<p>FB190-\u00e4r utvecklad f\u00f6r hantering av ved, massaved och timmer. Armar med bred \u00f6ppning och en hydraulcylinder ger h\u00f6g gripkraft och snabba cykeltider som maximerar lastningsprestandan.<\/p>\n<p>Gripens ram och armar \u00e4r tillverkade av h\u00f6gh\u00e5llfast st\u00e5l som garanterar h\u00f6g tillf\u00f6rlitlighet och enkel drift. DOMEX-metallen s\u00e4kerst\u00e4ller gripdonets h\u00e5llbarhet och l\u00e5nga livsl\u00e4ngd.<\/p>\n<p>Kopplingsh\u00e5l \u00d849 mm (f\u00f6r 3-tumsrotator), passar FB51L, FB63T, FB69T.G2<\/p>\n","protected":false},"excerpt":{"rendered":"<p>Max \u00f6ppning 1200 mm, Griparea 0,19 m<sup>2<\/sup><\/p>\n","protected":false},"featured_media":7142,"comment_status":"closed","ping_status":"closed","template":"","meta":{"_acf_changed":false,"inline_featured_image":false},"product_cat":[219,222],"product_tag":[],"acf":[],"_links":{"self":[{"href":"https:\/\/ftgkallefall.com\/sv\/wp-json\/wp\/v2\/product\/5436"}],"collection":[{"href":"https:\/\/ftgkallefall.com\/sv\/wp-json\/wp\/v2\/product"}],"about":[{"href":"https:\/\/ftgkallefall.com\/sv\/wp-json\/wp\/v2\/types\/product"}],"replies":[{"embeddable":true,"href":"https:\/\/ftgkallefall.com\/sv\/wp-json\/wp\/v2\/comments?post=5436"}],"wp:featuredmedia":[{"embeddable":true,"href":"https:\/\/ftgkallefall.com\/sv\/wp-json\/wp\/v2\/media\/7142"}],"wp:attachment":[{"href":"https:\/\/ftgkallefall.com\/sv\/wp-json\/wp\/v2\/media?parent=5436"}],"wp:term":[{"taxonomy":"product_cat","embeddable":true,"href":"https:\/\/ftgkallefall.com\/sv\/wp-json\/wp\/v2\/product_cat?post=5436"},{"taxonomy":"product_tag","embeddable":true,"href":"https:\/\/ftgkallefall.com\/sv\/wp-json\/wp\/v2\/product_tag?post=5436"}],"curies":[{"name":"wp","href":"https:\/\/api.w.org\/{rel}","templated":true}]}}