{"id":5440,"date":"2023-12-20T13:29:27","date_gmt":"2023-12-20T11:29:27","guid":{"rendered":"https:\/\/ftgkallefall.com\/?post_type=product&#038;p=5440"},"modified":"2025-05-30T15:06:31","modified_gmt":"2025-05-30T13:06:31","slug":"virkesgrip-fb190wf","status":"publish","type":"product","link":"https:\/\/ftgkallefall.com\/sv\/produkt\/virkesgrip-fb190wf\/","title":{"rendered":"Virkesgrip FB190WF"},"content":{"rendered":"<p>FB190WF \u00e4r bredare \u00e4n FB190 och passar de medelstora kranarna.<\/p>\n<p>Armar med bred \u00f6ppning och en hydraulcylinder ger h\u00f6g gripkraft och snabba cykeltider vilket maximerar lastningsprestandan. Gripens ram och armar \u00e4r tillverkade av h\u00f6gh\u00e5llfast st\u00e5l som garanterar h\u00f6g tillf\u00f6rlitlighet och enkel drift.<\/p>\n<p>DOMEX-metallen garanterar gripens h\u00e5llbarhet och l\u00e5nga livsl\u00e4ngd \u00e4ven i de sv\u00e5raste situationer.<\/p>\n<p>FB190WF kan kombineras med kranarna FB63T, FB63TS, FB69T.<\/p>\n","protected":false},"excerpt":{"rendered":"<p>Max \u00f6ppning 1200 mm, Griparea 0,19 m<sup>2<\/sup><\/p>\n","protected":false},"featured_media":7147,"comment_status":"closed","ping_status":"closed","template":"","meta":{"_acf_changed":false,"inline_featured_image":false},"product_cat":[219,222],"product_tag":[],"acf":[],"_links":{"self":[{"href":"https:\/\/ftgkallefall.com\/sv\/wp-json\/wp\/v2\/product\/5440"}],"collection":[{"href":"https:\/\/ftgkallefall.com\/sv\/wp-json\/wp\/v2\/product"}],"about":[{"href":"https:\/\/ftgkallefall.com\/sv\/wp-json\/wp\/v2\/types\/product"}],"replies":[{"embeddable":true,"href":"https:\/\/ftgkallefall.com\/sv\/wp-json\/wp\/v2\/comments?post=5440"}],"wp:featuredmedia":[{"embeddable":true,"href":"https:\/\/ftgkallefall.com\/sv\/wp-json\/wp\/v2\/media\/7147"}],"wp:attachment":[{"href":"https:\/\/ftgkallefall.com\/sv\/wp-json\/wp\/v2\/media?parent=5440"}],"wp:term":[{"taxonomy":"product_cat","embeddable":true,"href":"https:\/\/ftgkallefall.com\/sv\/wp-json\/wp\/v2\/product_cat?post=5440"},{"taxonomy":"product_tag","embeddable":true,"href":"https:\/\/ftgkallefall.com\/sv\/wp-json\/wp\/v2\/product_tag?post=5440"}],"curies":[{"name":"wp","href":"https:\/\/api.w.org\/{rel}","templated":true}]}}