{"id":5443,"date":"2023-12-20T13:12:54","date_gmt":"2023-12-20T11:12:54","guid":{"rendered":"https:\/\/ftgkallefall.com\/?post_type=product&#038;p=5443"},"modified":"2025-05-30T15:15:37","modified_gmt":"2025-05-30T13:15:37","slug":"risgrip-fb190s","status":"publish","type":"product","link":"https:\/\/ftgkallefall.com\/sv\/produkt\/risgrip-fb190s\/","title":{"rendered":"Risgrip FB190S"},"content":{"rendered":"<p>FB190S-gripen \u00e4r utformad f\u00f6r att ta hand om buskar, ris och grenar. K\u00e4ftarna \u00e4r robusta och m\u00e5ngsidiga f\u00f6r att g\u00f6ra arbetet snabbt och enkelt.<\/p>\n<p>L\u00e4tt men stark konstruktion var en av de viktigaste aspekterna vid utformningen av gripen.<\/p>\n<p>Kopplingsh\u00e5l \u00d849 mm (passar 3t rotator). Passar kranar FB51L, FB63T, FB69T.G2<\/p>\n","protected":false},"excerpt":{"rendered":"<p>Max \u00f6ppning 1270 mm, Griparea 0,19 m<sup>2<\/sup><\/p>\n","protected":false},"featured_media":7157,"comment_status":"closed","ping_status":"closed","template":"","meta":{"_acf_changed":false,"inline_featured_image":false},"product_cat":[219,222],"product_tag":[],"acf":[],"_links":{"self":[{"href":"https:\/\/ftgkallefall.com\/sv\/wp-json\/wp\/v2\/product\/5443"}],"collection":[{"href":"https:\/\/ftgkallefall.com\/sv\/wp-json\/wp\/v2\/product"}],"about":[{"href":"https:\/\/ftgkallefall.com\/sv\/wp-json\/wp\/v2\/types\/product"}],"replies":[{"embeddable":true,"href":"https:\/\/ftgkallefall.com\/sv\/wp-json\/wp\/v2\/comments?post=5443"}],"wp:featuredmedia":[{"embeddable":true,"href":"https:\/\/ftgkallefall.com\/sv\/wp-json\/wp\/v2\/media\/7157"}],"wp:attachment":[{"href":"https:\/\/ftgkallefall.com\/sv\/wp-json\/wp\/v2\/media?parent=5443"}],"wp:term":[{"taxonomy":"product_cat","embeddable":true,"href":"https:\/\/ftgkallefall.com\/sv\/wp-json\/wp\/v2\/product_cat?post=5443"},{"taxonomy":"product_tag","embeddable":true,"href":"https:\/\/ftgkallefall.com\/sv\/wp-json\/wp\/v2\/product_tag?post=5443"}],"curies":[{"name":"wp","href":"https:\/\/api.w.org\/{rel}","templated":true}]}}