{"id":5446,"date":"2023-12-20T13:31:03","date_gmt":"2023-12-20T11:31:03","guid":{"rendered":"https:\/\/ftgkallefall.com\/?post_type=product&#038;p=5446"},"modified":"2025-05-31T06:40:06","modified_gmt":"2025-05-31T04:40:06","slug":"virkesgrip-fb210","status":"publish","type":"product","link":"https:\/\/ftgkallefall.com\/sv\/produkt\/virkesgrip-fb210\/","title":{"rendered":"Virkesgrip FB210"},"content":{"rendered":"<p>Virkesgrip FB210 avsedd f\u00f6r professionell anv\u00e4ndning. Denna kraftiga konstruktion \u00e4r anpassad f\u00f6r intensiv och h\u00e5rd anv\u00e4ndning.<\/p>\n<p>Denna modell kombineras vanligtvis med FTG-kranen FB69T. F\u00f6rst\u00e4rkta k\u00e4ftar, konstruerade f\u00f6r bred \u00f6ppning, ger h\u00f6g gripkraft och snabba cykeltider som maximerar lastningsprestandan.<\/p>\n<p>Gripens ram och armar \u00e4r tillverkade av h\u00f6gh\u00e5llfast st\u00e5l, vilket ger h\u00f6g tillf\u00f6rlitlighet och enkel drift. DOMEX-metallen s\u00e4kerst\u00e4ller gripdonets h\u00e5llbarhet och l\u00e5nga livsl\u00e4ngd under de sv\u00e5raste situationerna.<\/p>\n<p>(Beh\u00f6ver adapter FBPBA2195 eller FBPBA219, passar 3t eller 4t rotator).<\/p>\n<p>Passar till kran FB69T<\/p>\n","protected":false},"excerpt":{"rendered":"<p>Max \u00f6ppning 1310 mm, Griparea 0,21 m<sup>2<\/sup><\/p>\n","protected":false},"featured_media":7162,"comment_status":"closed","ping_status":"closed","template":"","meta":{"_acf_changed":false,"inline_featured_image":false},"product_cat":[219,222],"product_tag":[],"acf":[],"_links":{"self":[{"href":"https:\/\/ftgkallefall.com\/sv\/wp-json\/wp\/v2\/product\/5446"}],"collection":[{"href":"https:\/\/ftgkallefall.com\/sv\/wp-json\/wp\/v2\/product"}],"about":[{"href":"https:\/\/ftgkallefall.com\/sv\/wp-json\/wp\/v2\/types\/product"}],"replies":[{"embeddable":true,"href":"https:\/\/ftgkallefall.com\/sv\/wp-json\/wp\/v2\/comments?post=5446"}],"wp:featuredmedia":[{"embeddable":true,"href":"https:\/\/ftgkallefall.com\/sv\/wp-json\/wp\/v2\/media\/7162"}],"wp:attachment":[{"href":"https:\/\/ftgkallefall.com\/sv\/wp-json\/wp\/v2\/media?parent=5446"}],"wp:term":[{"taxonomy":"product_cat","embeddable":true,"href":"https:\/\/ftgkallefall.com\/sv\/wp-json\/wp\/v2\/product_cat?post=5446"},{"taxonomy":"product_tag","embeddable":true,"href":"https:\/\/ftgkallefall.com\/sv\/wp-json\/wp\/v2\/product_tag?post=5446"}],"curies":[{"name":"wp","href":"https:\/\/api.w.org\/{rel}","templated":true}]}}