{"id":5449,"date":"2023-12-20T13:34:41","date_gmt":"2023-12-20T11:34:41","guid":{"rendered":"https:\/\/ftgkallefall.com\/?post_type=product&#038;p=5449"},"modified":"2025-05-31T06:45:58","modified_gmt":"2025-05-31T04:45:58","slug":"virkesgrip-fb260","status":"publish","type":"product","link":"https:\/\/ftgkallefall.com\/sv\/produkt\/virkesgrip-fb260\/","title":{"rendered":"Virkesgrip FB260"},"content":{"rendered":"<p>Den mest kraftfulla gripen med det st\u00f6rsta greppet utformad f\u00f6r professionellt bruk. Unikt utformade k\u00e4ftar, konstruerade f\u00f6r stor \u00f6ppning, ger h\u00f6g gripkraft och snabba cykeltider som maximerar lastningsprestandan.<\/p>\n<p>Gripens huvudstruktur och k\u00e4ftar \u00e4r tillverkade av h\u00f6gh\u00e5llfast st\u00e5l, vilket ger h\u00f6g tillf\u00f6rlitlighet och enkel anv\u00e4ndning. DOMEX-metallen garanterar gripens h\u00e5llbarhet och l\u00e5nga livsl\u00e4ngd \u00e4ven i de sv\u00e5raste situationer. Denna kraftiga konstruktion \u00e4r anpassad f\u00f6r intensiv och h\u00e5rd anv\u00e4ndning.<\/p>\n<p>Denna modell kombineras vanligtvis med FTG K\u00e4llefallskran FB69T.G2<\/p>\n<p>(Beh\u00f6ver adapter FBPBA2195 eller FBPBA2196, passar 3t eller 4t rotator)<\/p>\n","protected":false},"excerpt":{"rendered":"<p>Max grip\u00f6ppning 1370 mm, Griparea 0.26 m<sup>2<\/sup><\/p>\n","protected":false},"featured_media":7172,"comment_status":"closed","ping_status":"closed","template":"","meta":{"_acf_changed":false,"inline_featured_image":false},"product_cat":[219,222],"product_tag":[],"acf":[],"_links":{"self":[{"href":"https:\/\/ftgkallefall.com\/sv\/wp-json\/wp\/v2\/product\/5449"}],"collection":[{"href":"https:\/\/ftgkallefall.com\/sv\/wp-json\/wp\/v2\/product"}],"about":[{"href":"https:\/\/ftgkallefall.com\/sv\/wp-json\/wp\/v2\/types\/product"}],"replies":[{"embeddable":true,"href":"https:\/\/ftgkallefall.com\/sv\/wp-json\/wp\/v2\/comments?post=5449"}],"wp:featuredmedia":[{"embeddable":true,"href":"https:\/\/ftgkallefall.com\/sv\/wp-json\/wp\/v2\/media\/7172"}],"wp:attachment":[{"href":"https:\/\/ftgkallefall.com\/sv\/wp-json\/wp\/v2\/media?parent=5449"}],"wp:term":[{"taxonomy":"product_cat","embeddable":true,"href":"https:\/\/ftgkallefall.com\/sv\/wp-json\/wp\/v2\/product_cat?post=5449"},{"taxonomy":"product_tag","embeddable":true,"href":"https:\/\/ftgkallefall.com\/sv\/wp-json\/wp\/v2\/product_tag?post=5449"}],"curies":[{"name":"wp","href":"https:\/\/api.w.org\/{rel}","templated":true}]}}