{"id":5459,"date":"2023-12-20T13:38:57","date_gmt":"2023-12-20T11:38:57","guid":{"rendered":"https:\/\/ftgkallefall.com\/?post_type=product&#038;p=5459"},"modified":"2025-05-31T06:52:01","modified_gmt":"2025-05-31T04:52:01","slug":"insatsskopor","status":"publish","type":"product","link":"https:\/\/ftgkallefall.com\/sv\/produkt\/insatsskopor\/","title":{"rendered":"Insatsskopor"},"content":{"rendered":"<p>Insatsskopor f\u00f6r hantering av l\u00e4tta bulkmaterial som tr\u00e4flis, s\u00e5gsp\u00e5n, korn och liknande. Satsen inneh\u00e5ller ett par skopor och kl\u00e4mkomponenter som anv\u00e4nds f\u00f6r montering p\u00e5 gripen. Du kan v\u00e4lja mellan fyra olika modeller som passar FTG K\u00e4llefalls gripar.<\/p>\n<p>Den extra skopsatsen ger f\u00f6raren maximal kontroll vid hantering av olika l\u00e4tta laster. Ej l\u00e4mplig f\u00f6r sten, grus, sand etc.<\/p>\n","protected":false},"excerpt":{"rendered":"<p>Volym 80-160 L<\/p>\n","protected":false},"featured_media":7177,"comment_status":"closed","ping_status":"closed","template":"","meta":{"_acf_changed":false,"inline_featured_image":false},"product_cat":[219,222],"product_tag":[],"acf":[],"_links":{"self":[{"href":"https:\/\/ftgkallefall.com\/sv\/wp-json\/wp\/v2\/product\/5459"}],"collection":[{"href":"https:\/\/ftgkallefall.com\/sv\/wp-json\/wp\/v2\/product"}],"about":[{"href":"https:\/\/ftgkallefall.com\/sv\/wp-json\/wp\/v2\/types\/product"}],"replies":[{"embeddable":true,"href":"https:\/\/ftgkallefall.com\/sv\/wp-json\/wp\/v2\/comments?post=5459"}],"wp:featuredmedia":[{"embeddable":true,"href":"https:\/\/ftgkallefall.com\/sv\/wp-json\/wp\/v2\/media\/7177"}],"wp:attachment":[{"href":"https:\/\/ftgkallefall.com\/sv\/wp-json\/wp\/v2\/media?parent=5459"}],"wp:term":[{"taxonomy":"product_cat","embeddable":true,"href":"https:\/\/ftgkallefall.com\/sv\/wp-json\/wp\/v2\/product_cat?post=5459"},{"taxonomy":"product_tag","embeddable":true,"href":"https:\/\/ftgkallefall.com\/sv\/wp-json\/wp\/v2\/product_tag?post=5459"}],"curies":[{"name":"wp","href":"https:\/\/api.w.org\/{rel}","templated":true}]}}