{"id":5471,"date":"2023-12-28T14:25:45","date_gmt":"2023-12-28T12:25:45","guid":{"rendered":"https:\/\/ftgkallefall.com\/?post_type=product&#038;p=5471"},"modified":"2025-05-31T07:00:00","modified_gmt":"2025-05-31T05:00:00","slug":"3t-rotator-cr300","status":"publish","type":"product","link":"https:\/\/ftgkallefall.com\/sv\/produkt\/3t-rotator-cr300\/","title":{"rendered":"3t rotator CR300"},"content":{"rendered":"<p>En l\u00e4tt och effektiv hydraulisk rotator med obegr\u00e4nsad rotation CR300 passar de flesta av FTG K\u00e4llefalls gripar och skopor.<\/p>\n<p>&nbsp;<\/p>\n","protected":false},"excerpt":{"rendered":"<p>3 t rotator, med \u00d849 mm, passar FB42L-FB63T (Finnrotor)<\/p>\n","protected":false},"featured_media":5473,"comment_status":"open","ping_status":"closed","template":"","meta":{"_acf_changed":false,"inline_featured_image":false},"product_cat":[219,224],"product_tag":[],"acf":[],"_links":{"self":[{"href":"https:\/\/ftgkallefall.com\/sv\/wp-json\/wp\/v2\/product\/5471"}],"collection":[{"href":"https:\/\/ftgkallefall.com\/sv\/wp-json\/wp\/v2\/product"}],"about":[{"href":"https:\/\/ftgkallefall.com\/sv\/wp-json\/wp\/v2\/types\/product"}],"replies":[{"embeddable":true,"href":"https:\/\/ftgkallefall.com\/sv\/wp-json\/wp\/v2\/comments?post=5471"}],"wp:featuredmedia":[{"embeddable":true,"href":"https:\/\/ftgkallefall.com\/sv\/wp-json\/wp\/v2\/media\/5473"}],"wp:attachment":[{"href":"https:\/\/ftgkallefall.com\/sv\/wp-json\/wp\/v2\/media?parent=5471"}],"wp:term":[{"taxonomy":"product_cat","embeddable":true,"href":"https:\/\/ftgkallefall.com\/sv\/wp-json\/wp\/v2\/product_cat?post=5471"},{"taxonomy":"product_tag","embeddable":true,"href":"https:\/\/ftgkallefall.com\/sv\/wp-json\/wp\/v2\/product_tag?post=5471"}],"curies":[{"name":"wp","href":"https:\/\/api.w.org\/{rel}","templated":true}]}}