{"id":5474,"date":"2023-12-28T14:30:28","date_gmt":"2023-12-28T12:30:28","guid":{"rendered":"https:\/\/ftgkallefall.com\/?post_type=product&#038;p=5474"},"modified":"2025-06-01T07:05:49","modified_gmt":"2025-06-01T05:05:49","slug":"4-rotator-cr400","status":"publish","type":"product","link":"https:\/\/ftgkallefall.com\/sv\/produkt\/4-rotator-cr400\/","title":{"rendered":"4t rotator CR400"},"content":{"rendered":"<p>L\u00e4tt och effektiv hydraulisk rotator med obegr\u00e4nsad rotation CR400 passar till alla de st\u00f6rsta FTG K\u00e4llefall-griparna och skoporna.<\/p>\n<p>Det \u00e4r en axelmodell &#8211; n\u00e4r du beh\u00f6ver b\u00e4sta m\u00f6jliga produktivitet och kraft. Den passar perfekt f\u00f6r lastning och lossning av alla typer av material i skogsbruksapplikationer.<\/p>\n","protected":false},"excerpt":{"rendered":"<p>4 t rotator, axel59 mm, Passar FB69T.G2 (Finnrotor)<\/p>\n","protected":false},"featured_media":5476,"comment_status":"open","ping_status":"closed","template":"","meta":{"_acf_changed":false,"inline_featured_image":false},"product_cat":[219,224],"product_tag":[],"acf":[],"_links":{"self":[{"href":"https:\/\/ftgkallefall.com\/sv\/wp-json\/wp\/v2\/product\/5474"}],"collection":[{"href":"https:\/\/ftgkallefall.com\/sv\/wp-json\/wp\/v2\/product"}],"about":[{"href":"https:\/\/ftgkallefall.com\/sv\/wp-json\/wp\/v2\/types\/product"}],"replies":[{"embeddable":true,"href":"https:\/\/ftgkallefall.com\/sv\/wp-json\/wp\/v2\/comments?post=5474"}],"wp:featuredmedia":[{"embeddable":true,"href":"https:\/\/ftgkallefall.com\/sv\/wp-json\/wp\/v2\/media\/5476"}],"wp:attachment":[{"href":"https:\/\/ftgkallefall.com\/sv\/wp-json\/wp\/v2\/media?parent=5474"}],"wp:term":[{"taxonomy":"product_cat","embeddable":true,"href":"https:\/\/ftgkallefall.com\/sv\/wp-json\/wp\/v2\/product_cat?post=5474"},{"taxonomy":"product_tag","embeddable":true,"href":"https:\/\/ftgkallefall.com\/sv\/wp-json\/wp\/v2\/product_tag?post=5474"}],"curies":[{"name":"wp","href":"https:\/\/api.w.org\/{rel}","templated":true}]}}