{"id":5477,"date":"2023-12-28T14:39:10","date_gmt":"2023-12-28T12:39:10","guid":{"rendered":"https:\/\/ftgkallefall.com\/?post_type=product&#038;p=5477"},"modified":"2025-05-31T07:08:12","modified_gmt":"2025-05-31T05:08:12","slug":"4t-rotator-cr400-med-flans","status":"publish","type":"product","link":"https:\/\/ftgkallefall.com\/sv\/produkt\/4t-rotator-cr400-med-flans\/","title":{"rendered":"4t rotator CR400 med fl\u00e4ns"},"content":{"rendered":"<p>Fl\u00e4nsmodeller anv\u00e4nds n\u00e4r du beh\u00f6ver en l\u00e5g struktur och ett flexibelt gr\u00e4nssnitt. Hydraulisk rotator CR400 W25F passar perfekt till fl\u00e4nsklara FTG-skopor och gripar.<\/p>\n<p>Har suver\u00e4n b\u00e4rf\u00f6rm\u00e5ga och mycket h\u00f6gt vridmoment. CR400 W25F-rotatorer klarar mycket h\u00f6ga dynamiska och statiska belastningar i b\u00e5da riktningarna samt h\u00f6ga sidokrafter.<\/p>\n","protected":false},"excerpt":{"rendered":"<p>4 t rotator, fl\u00e4ns, passar FB69T.G2 (Finnrotor)<\/p>\n","protected":false},"featured_media":5479,"comment_status":"open","ping_status":"closed","template":"","meta":{"_acf_changed":false,"inline_featured_image":false},"product_cat":[219,224],"product_tag":[],"acf":[],"_links":{"self":[{"href":"https:\/\/ftgkallefall.com\/sv\/wp-json\/wp\/v2\/product\/5477"}],"collection":[{"href":"https:\/\/ftgkallefall.com\/sv\/wp-json\/wp\/v2\/product"}],"about":[{"href":"https:\/\/ftgkallefall.com\/sv\/wp-json\/wp\/v2\/types\/product"}],"replies":[{"embeddable":true,"href":"https:\/\/ftgkallefall.com\/sv\/wp-json\/wp\/v2\/comments?post=5477"}],"wp:featuredmedia":[{"embeddable":true,"href":"https:\/\/ftgkallefall.com\/sv\/wp-json\/wp\/v2\/media\/5479"}],"wp:attachment":[{"href":"https:\/\/ftgkallefall.com\/sv\/wp-json\/wp\/v2\/media?parent=5477"}],"wp:term":[{"taxonomy":"product_cat","embeddable":true,"href":"https:\/\/ftgkallefall.com\/sv\/wp-json\/wp\/v2\/product_cat?post=5477"},{"taxonomy":"product_tag","embeddable":true,"href":"https:\/\/ftgkallefall.com\/sv\/wp-json\/wp\/v2\/product_tag?post=5477"}],"curies":[{"name":"wp","href":"https:\/\/api.w.org\/{rel}","templated":true}]}}