{"id":5480,"date":"2023-12-28T13:57:04","date_gmt":"2023-12-28T11:57:04","guid":{"rendered":"https:\/\/ftgkallefall.com\/?post_type=product&#038;p=5480"},"modified":"2025-06-01T06:52:01","modified_gmt":"2025-06-01T04:52:01","slug":"3t-rotatorlank-obromsad","status":"publish","type":"product","link":"https:\/\/ftgkallefall.com\/sv\/produkt\/3t-rotatorlank-obromsad\/","title":{"rendered":"3t rotatorl\u00e4nk (obromsad)"},"content":{"rendered":"<p>Rotatorl\u00e4nkar anv\u00e4nds f\u00f6r att koppla ihop kranspetsen med rotator och gripskopa.<\/p>\n<p>L\u00e4nkarna utan bromsar passar f\u00f6r enkla och l\u00e4tta applikationer som inte kr\u00e4ver n\u00e5gon sv\u00e4ngd\u00e4mpning.<\/p>\n<p>Rotatorl\u00e4nk F60440-0B-0 passar till rotator CR300.<\/p>\n","protected":false},"excerpt":{"rendered":"<p>F\u00f6r rotator CR300<\/p>\n","protected":false},"featured_media":5488,"comment_status":"open","ping_status":"closed","template":"","meta":{"_acf_changed":false,"inline_featured_image":false},"product_cat":[219,224],"product_tag":[],"acf":[],"_links":{"self":[{"href":"https:\/\/ftgkallefall.com\/sv\/wp-json\/wp\/v2\/product\/5480"}],"collection":[{"href":"https:\/\/ftgkallefall.com\/sv\/wp-json\/wp\/v2\/product"}],"about":[{"href":"https:\/\/ftgkallefall.com\/sv\/wp-json\/wp\/v2\/types\/product"}],"replies":[{"embeddable":true,"href":"https:\/\/ftgkallefall.com\/sv\/wp-json\/wp\/v2\/comments?post=5480"}],"wp:featuredmedia":[{"embeddable":true,"href":"https:\/\/ftgkallefall.com\/sv\/wp-json\/wp\/v2\/media\/5488"}],"wp:attachment":[{"href":"https:\/\/ftgkallefall.com\/sv\/wp-json\/wp\/v2\/media?parent=5480"}],"wp:term":[{"taxonomy":"product_cat","embeddable":true,"href":"https:\/\/ftgkallefall.com\/sv\/wp-json\/wp\/v2\/product_cat?post=5480"},{"taxonomy":"product_tag","embeddable":true,"href":"https:\/\/ftgkallefall.com\/sv\/wp-json\/wp\/v2\/product_tag?post=5480"}],"curies":[{"name":"wp","href":"https:\/\/api.w.org\/{rel}","templated":true}]}}